{"id":14788,"date":"2021-03-11T21:32:45","date_gmt":"2021-03-11T20:32:45","guid":{"rendered":"https:\/\/www.onitani.com\/de\/?page_id=14788"},"modified":"2026-03-26T08:36:42","modified_gmt":"2026-03-26T07:36:42","slug":"onitani-reisen","status":"publish","type":"page","link":"https:\/\/www.onitani.com\/de\/onitani-reisen\/","title":{"rendered":"ONITANI Soul-Journey"},"content":{"rendered":"<div class=\"wpb-content-wrapper\"><p>[vc_row][vc_column][vc_btn title=&#8220;R\u00fcckmeldungen&#8220; style=&#8220;outline&#8220; color=&#8220;white&#8220; align=&#8220;center&#8220; i_type=&#8220;typicons&#8220; css_animation=&#8220;appear&#8220; css=&#8220;&#8220; add_icon=&#8220;true&#8220; link=&#8220;url:https%3A%2F%2Fwww.onitani.com%2Fde%2Frueckmeldungen-onitani-reisen%2F|title:R%C3%BCckmeldungen|target:_blank&#8220;][\/vc_column][\/vc_row][vc_row][vc_column width=&#8220;1\/5&#8243;][vc_btn title=&#8220;Magische Delfine-Reise f\u00fcr dich 2.-9. Mai 2026 zusammen mit Bettina &amp; Susanne&#8220; color=&#8220;primary&#8220; align=&#8220;center&#8220; i_type=&#8220;typicons&#8220; css_animation=&#8220;none&#8220; css=&#8220;&#8220; add_icon=&#8220;true&#8220; link=&#8220;url:https%3A%2F%2Fwww.onitani.com%2Fde%2Faegypten-delfine-reise-2026%2F|title:%C3%84GYPTEN%20Delfin%202026|target:_blank&#8220;][vc_btn title=&#8220;AUSGEBUCHT &#8211; Warteliste&#8220; style=&#8220;classic&#8220; color=&#8220;pink&#8220; align=&#8220;center&#8220; i_type=&#8220;typicons&#8220; css_animation=&#8220;none&#8220; css=&#8220;&#8220; add_icon=&#8220;true&#8220; link=&#8220;url:https%3A%2F%2Fwww.onitani.com%2Fde%2Faegypten-delfine-reise-2026%2F|target:_blank&#8220;][vc_single_image image=&#8220;28361&#8243; img_size=&#8220;medium&#8220; alignment=&#8220;center&#8220; style=&#8220;vc_box_rounded&#8220; onclick=&#8220;custom_link&#8220; img_link_target=&#8220;_blank&#8220; css_animation=&#8220;none&#8220; css=&#8220;&#8220; link=&#8220;https:\/\/www.onitani.com\/de\/aegypten-delfine-reise-2026\/&#8220;][\/vc_column][vc_column width=&#8220;1\/5&#8243;][vc_btn title=&#8220;MOOREA magische Walreise f\u00fcr dich 11.-22.09.2026 mit Bettina &amp; Hampi&#8220; style=&#8220;classic&#8220; color=&#8220;primary&#8220; align=&#8220;center&#8220; i_type=&#8220;typicons&#8220; css_animation=&#8220;none&#8220; css=&#8220;&#8220; add_icon=&#8220;true&#8220; link=&#8220;url:https%3A%2F%2Fwww.onitani.com%2Fde%2Fmoorea-wal-reise-2026%2F|title:Moorea%202026|target:_blank&#8220;][vc_btn title=&#8220;Jetzt anmelden &#8211; noch 3 Pl\u00e4tze frei&#8220; style=&#8220;classic&#8220; color=&#8220;primary&#8220; align=&#8220;center&#8220; i_type=&#8220;typicons&#8220; css_animation=&#8220;none&#8220; css=&#8220;&#8220; add_icon=&#8220;true&#8220; link=&#8220;url:https%3A%2F%2Fwww.onitani.com%2Fde%2Fanmeldung-moorea-2026%2F|title:Anmeldung%20Moorea%202026|target:_blank&#8220;][vc_single_image image=&#8220;29703&#8243; img_size=&#8220;medium&#8220; alignment=&#8220;center&#8220; style=&#8220;vc_box_rounded&#8220; onclick=&#8220;custom_link&#8220; img_link_target=&#8220;_blank&#8220; css_animation=&#8220;none&#8220; css=&#8220;&#8220; link=&#8220;https:\/\/www.onitani.com\/de\/moorea-wal-reise-2026\/&#8220;][\/vc_column][vc_column width=&#8220;1\/5&#8243;][vc_btn title=&#8220;Magische Delfin-Reise f\u00fcr dich 12.-19.11.26 mit Bettina &amp; Jasmine&#8220; color=&#8220;primary&#8220; align=&#8220;left&#8220; i_type=&#8220;typicons&#8220; css_animation=&#8220;none&#8220; css=&#8220;&#8220; add_icon=&#8220;true&#8220; link=&#8220;url:https%3A%2F%2Fwww.onitani.com%2Fde%2Faegypten-delfin-reise-herbst%2F|title:%C3%84GYPTEN%20Delfin%202026|target:_blank&#8220;][vc_btn title=&#8220;Jetzt anmelden &#8211; noch 2 Pl\u00e4tze frei&#8220; style=&#8220;classic&#8220; color=&#8220;warning&#8220; align=&#8220;center&#8220; i_type=&#8220;typicons&#8220; css_animation=&#8220;none&#8220; css=&#8220;&#8220; add_icon=&#8220;true&#8220; link=&#8220;url:https%3A%2F%2Fwww.onitani.com%2Fde%2Fanmeldung-aegypten-delfin-reise-herbst%2F|title:anmeldung|target:_blank&#8220;][vc_single_image image=&#8220;29711&#8243; img_size=&#8220;medium&#8220; alignment=&#8220;center&#8220; style=&#8220;vc_box_rounded&#8220; onclick=&#8220;custom_link&#8220; img_link_target=&#8220;_blank&#8220; css_animation=&#8220;none&#8220; css=&#8220;&#8220; link=&#8220;https:\/\/www.onitani.com\/de\/aegypten-delfin-reise-herbst\/&#8220;][\/vc_column][vc_column width=&#8220;1\/5&#8243;][vc_btn title=&#8220;\u00c4gpten-Reise 06.-17.03.27 mit Bettina Alma &#038; Daniela Christina&#8220; align=&#8220;left&#8220; i_type=&#8220;typicons&#8220; css_animation=&#8220;none&#8220; css=&#8220;&#8220; add_icon=&#8220;true&#8220; link=&#8220;url:https%3A%2F%2Fwww.onitani.com%2Fde%2Faegypten-nil-reise-2027%2F|title:%C3%84GYPTEN%202027|target:_blank&#8220;][vc_btn title=&#8220;Hier geht&#8217;s zur Anmeldung&#8220; style=&#8220;classic&#8220; color=&#8220;white&#8220; align=&#8220;center&#8220; i_type=&#8220;typicons&#8220; css_animation=&#8220;none&#8220; css=&#8220;&#8220; add_icon=&#8220;true&#8220; link=&#8220;url:https%3A%2F%2Fwww.onitani.com%2Fde%2Fanmeldung-aegypten-nilreise-2027%2F|title:SAVE%20THE%20DATE|target:_blank&#8220;][vc_single_image image=&#8220;29586&#8243; img_size=&#8220;medium&#8220; alignment=&#8220;center&#8220; style=&#8220;vc_box_rounded&#8220; onclick=&#8220;custom_link&#8220; img_link_target=&#8220;_blank&#8220; css_animation=&#8220;none&#8220; css=&#8220;&#8220; link=&#8220;https:\/\/www.onitani.com\/de\/aegypten-nil-reise-2027\/&#8220;][\/vc_column][vc_column width=&#8220;1\/5&#8243;][vc_btn title=&#8220;Magische Delfine-Reise 08.-15. Mai 2027 zusammen mit Bettina &#038; Susanne&#8220; color=&#8220;primary&#8220; align=&#8220;center&#8220; i_type=&#8220;typicons&#8220; css_animation=&#8220;none&#8220; css=&#8220;&#8220; add_icon=&#8220;true&#8220; link=&#8220;url:https%3A%2F%2Fwww.onitani.com%2Fde%2Fanmeldung-delfinreise-mai-27%2F|title:Delfin%20Reise%20Mai%202027|target:_blank&#8220;][vc_btn title=&#8220;Hier gehts zur Anmeldung&#8220; style=&#8220;classic&#8220; color=&#8220;white&#8220; align=&#8220;center&#8220; i_type=&#8220;typicons&#8220; css_animation=&#8220;none&#8220; css=&#8220;&#8220; add_icon=&#8220;true&#8220; link=&#8220;url:https%3A%2F%2Fwww.onitani.com%2Fde%2Fanmeldung-delfinreise-mai-27%2F|title:Anmeldung%20Delfinreise%20Mai%2027|target:_blank&#8220;][vc_single_image image=&#8220;29644&#8243; img_size=&#8220;medium&#8220; alignment=&#8220;center&#8220; style=&#8220;vc_box_rounded&#8220; onclick=&#8220;custom_link&#8220; img_link_target=&#8220;_blank&#8220; css_animation=&#8220;none&#8220; css=&#8220;&#8220; link=&#8220;https:\/\/www.onitani.com\/de\/aegypten-nil-reise-2027\/&#8220;][\/vc_column][\/vc_row][vc_row][vc_column][vc_column_text css_animation=&#8220;none&#8220; css=&#8220;&#8220;]<\/p>\n<p style=\"text-align: left;\"><span style=\"color: #ffffff;\">Seit 2018 organisieren wir spirituelle Reisen mit bekannten Autoren aus dem deutschsprachigen Raum. Gestartet sind wir mit drei magischen \u00c4gypten-Reisen mit der unvergesslichen Jeanne Ruland. Im Februar 2021 fand dann zum ersten Mal eine reine ONITANI Reise in \u00c4gypten statt. Auch waren wir mit der bezaubernden &#8222;Einhornbotschafterin&#8220; Melanie Missing aus Kassel, zusammen mit Jeanne Ruland schon zwei Mal in Avalon. Einmal in England und einmal in der Bretagne. Diese lichtvolle Reise wurde nun im 2023 wieder zu einem tiefber\u00fchrenden Erlebnis, diesmal reisten Daniela Christina zusammen mit Melanie und Bettina mit. Mit Daniela Christina Planzer organisieren wir seit Oktober 2022 verschiedene Reisen nach \u00c4gypten auf dem Nil, aber auch die Reise nach Kairo, Alexandria und Siwa Oase durften wir zusammen erleben.<\/span><\/p>\n<p class=\"p1\"><span style=\"color: #ffffff;\">Im 2023 waren gleich zwei Reisen nach \u00c4gypten geplant. Im Fr\u00fchjahr mit Daniela Christina Planzer aus der Schweiz und im Herbst mit Brigitte und Ingo Ganzer-B\u00e4r aus Deutschland. Dann durften wir im 2024 eine einmalige Reise zusammen mit Cecilia Sifontes und Alexander Leitner zu den Nordlichtern in Lappland erleben. Die Lemuria Reise 2024 zu den Delfinen zusammen mit Daniela Christina Planzer Planzer \u00f6ffnete ein ganz neues und besonderes Feld. Im Herbst 24 die tief bewegende,<span class=\"Apple-converted-space\">\u00a0 <\/span>magische Reise nach Moorea, zusammen mit Lina Oswald und Bettina. Eintauchen in ein ganz anderes Feld.<\/span><\/p>\n<p class=\"p1\"><span style=\"color: #ffffff;\">Im 2025 reisten wir zum dritten mal nach \u00c4gytpten \u00abThe Key of Life\u00bb erlebten wir auf dem Nil und in Kairo. Einfach kraftvoll und lichtvoll. Die zweite Deep LOVE Lemuria bringt Daniela Christina Planzer und Bettina im Mai 2025 wieder zu unseren verspielten Freunden. Im September findet eine magische Reise zu den Walen statt. Diesmal reise ich mit Hampi van de Velde nach Moorea. Im November reise ich diesmal mit Jasmine Scheer die Delfine z und f\u00fcr 2026 erwartet uns im Mai eine Delfinreise mit Susanne H\u00fchn.<\/span><\/p>\n<p class=\"p1\"><span style=\"color: #ffffff;\">Erlebe eine magische Zeit zusammen mit gleichgesinnten und erlaube dir deine Spiritualit\u00e4t in neuen Feldern zu erwecken, zu vertiefen und zu feiern. Und bei jeder Reise, kommst du mit deinem magischen Seelengesang in Ber\u00fchrung.<\/span><\/p>\n<p style=\"text-align: left;\"><span style=\"color: #ffffff;\"><strong>Unsere Reisen sind, informativ, spannend, herrlich, spirituell, heilend und famili\u00e4r.<\/strong><\/span><\/p>\n<p style=\"text-align: left;\"><span style=\"color: #ffffff;\">Wir freuen uns dich kennenzulernen und bedanken uns an alle Teilnehmer, die uns ihr Vertrauen schenken und geschenkt haben.<\/span><\/p>\n<hr \/>\n<p><span style=\"color: #ffffff;\"><strong>INFOS unter: <a style=\"color: #ffffff;\" href=\"mailto:office@soul-journey.ch\" target=\"_blank\" rel=\"noopener\">office@soul-journey.ch<\/a> oder +41 79 371 11 19<\/strong><\/span><\/p>\n<hr \/>\n<p style=\"text-align: left;\"><span style=\"color: #ffffff;\">Herzliche Gr\u00fcsse<\/span><\/p>\n<p style=\"text-align: left;\"><span style=\"color: #ffffff;\"><strong>Bettina &amp; Tino von Onitani<\/strong><\/span><\/p>\n<p><span style=\"color: #ffffff;\"><img loading=\"lazy\" decoding=\"async\" class=\"alignnone size-full wp-image-21924 alignleft\" src=\"https:\/\/www.onitani.com\/de\/wp-content\/uploads\/2022\/12\/bettina_tino4jpg.jpg\" alt=\"\" width=\"284\" height=\"258\" \/><\/span>[\/vc_column_text][\/vc_column][\/vc_row]<\/p>\n<\/div>","protected":false},"excerpt":{"rendered":"<p>[vc_row][vc_column][vc_btn title=&#8220;R\u00fcckmeldungen&#8220; style=&#8220;outline&#8220; color=&#8220;white&#8220; align=&#8220;center&#8220; i_type=&#8220;typicons&#8220; css_animation=&#8220;appear&#8220; css=&#8220;&#8220; add_icon=&#8220;true&#8220; link=&#8220;url:https%3A%2F%2Fwww.onitani.com%2Fde%2Frueckmeldungen-onitani-reisen%2F|title:R%C3%BCckmeldungen|target:_blank&#8220;][\/vc_column][\/vc_row][vc_row][vc_column width=&#8220;1\/5&#8243;][vc_btn title=&#8220;Magische Delfine-Reise f\u00fcr dich 2.-9. Mai 2026 zusammen mit Bettina &amp; Susanne&#8220; color=&#8220;primary&#8220; align=&#8220;center&#8220; i_type=&#8220;typicons&#8220; css_animation=&#8220;none&#8220; css=&#8220;&#8220; add_icon=&#8220;true&#8220; link=&#8220;url:https%3A%2F%2Fwww.onitani.com%2Fde%2Faegypten-delfine-reise-2026%2F|title:%C3%84GYPTEN%20Delfin%202026|target:_blank&#8220;][vc_btn title=&#8220;AUSGEBUCHT &#8211; Warteliste&#8220; style=&#8220;classic&#8220; color=&#8220;pink&#8220; align=&#8220;center&#8220; i_type=&#8220;typicons&#8220; css_animation=&#8220;none&#8220; css=&#8220;&#8220; add_icon=&#8220;true&#8220;&#8230;<\/p>\n","protected":false},"author":1,"featured_media":0,"parent":0,"menu_order":0,"comment_status":"closed","ping_status":"closed","template":"","meta":{"footnotes":""},"class_list":["post-14788","page","type-page","status-publish","hentry"],"_links":{"self":[{"href":"https:\/\/www.onitani.com\/de\/wp-json\/wp\/v2\/pages\/14788","targetHints":{"allow":["GET"]}}],"collection":[{"href":"https:\/\/www.onitani.com\/de\/wp-json\/wp\/v2\/pages"}],"about":[{"href":"https:\/\/www.onitani.com\/de\/wp-json\/wp\/v2\/types\/page"}],"author":[{"embeddable":true,"href":"https:\/\/www.onitani.com\/de\/wp-json\/wp\/v2\/users\/1"}],"replies":[{"embeddable":true,"href":"https:\/\/www.onitani.com\/de\/wp-json\/wp\/v2\/comments?post=14788"}],"version-history":[{"count":167,"href":"https:\/\/www.onitani.com\/de\/wp-json\/wp\/v2\/pages\/14788\/revisions"}],"predecessor-version":[{"id":29712,"href":"https:\/\/www.onitani.com\/de\/wp-json\/wp\/v2\/pages\/14788\/revisions\/29712"}],"wp:attachment":[{"href":"https:\/\/www.onitani.com\/de\/wp-json\/wp\/v2\/media?parent=14788"}],"curies":[{"name":"wp","href":"https:\/\/api.w.org\/{rel}","templated":true}]}}