{"id":27466,"date":"2024-09-23T08:48:07","date_gmt":"2024-09-23T06:48:07","guid":{"rendered":"https:\/\/www.onitani.com\/de\/?page_id=27466"},"modified":"2026-01-28T15:41:35","modified_gmt":"2026-01-28T14:41:35","slug":"moorea-wal-reise-2026","status":"publish","type":"page","link":"https:\/\/www.onitani.com\/de\/moorea-wal-reise-2026\/","title":{"rendered":"MOOREA WAL-REISE 2026"},"content":{"rendered":"<div class=\"wpb-content-wrapper\"><p>[vc_row][vc_column width=&#8220;1\/5&#8243;][vc_btn title=&#8220;Pers\u00f6nlich&#8220; style=&#8220;outline&#8220; color=&#8220;white&#8220; align=&#8220;center&#8220; i_icon_fontawesome=&#8220;fa fa-solid fa-circle-info&#8220; css=&#8220;&#8220; add_icon=&#8220;true&#8220; link=&#8220;url:https%3A%2F%2Fwww.onitani.com%2Fde%2Fmoorea-wal-reise-persoenlich%2F|title:MOOREA%20WAL-REISE%20Pers%C3%B6nlich&#8220;][\/vc_column][vc_column width=&#8220;1\/5&#8243;][vc_btn title=&#8220;Anmeldung&#8220; style=&#8220;outline&#8220; color=&#8220;white&#8220; align=&#8220;center&#8220; i_icon_fontawesome=&#8220;fa fa-solid fa-circle-info&#8220; css=&#8220;&#8220; add_icon=&#8220;true&#8220; link=&#8220;url:https%3A%2F%2Fwww.onitani.com%2Fde%2Fanmeldung-moorea-2026%2F|title:Anmeldung%20Moorea%202026|target:_blank&#8220;][\/vc_column][vc_column width=&#8220;1\/5&#8243;][vc_btn title=&#8220;Impressionen&#8220; style=&#8220;outline&#8220; color=&#8220;white&#8220; align=&#8220;center&#8220; i_icon_fontawesome=&#8220;fa fa-solid fa-circle-info&#8220; css=&#8220;&#8220; add_icon=&#8220;true&#8220; link=&#8220;url:https%3A%2F%2Fwww.onitani.com%2Fde%2Fjs_photo_albums%2Fmoorea-impressionen%2F|title:Impressionen%20Moorea%202025|target:_blank&#8220;][\/vc_column][vc_column width=&#8220;1\/5&#8243;][vc_btn title=&#8220;R\u00fcckmeldungen&#8220; style=&#8220;outline&#8220; color=&#8220;white&#8220; align=&#8220;center&#8220; i_icon_fontawesome=&#8220;fa fa-solid fa-circle-info&#8220; css=&#8220;&#8220; add_icon=&#8220;true&#8220; link=&#8220;url:https%3A%2F%2Fwww.onitani.com%2Fde%2Frueckmeldungen-onitani-reisen%2F|title:R%C3%BCckmeldungen|target:_blank&#8220;][\/vc_column][vc_column width=&#8220;1\/5&#8243;][vc_btn title=&#8220;AGB&#8220; style=&#8220;outline&#8220; color=&#8220;white&#8220; align=&#8220;center&#8220; i_icon_fontawesome=&#8220;fa fa-solid fa-circle-info&#8220; css=&#8220;&#8220; add_icon=&#8220;true&#8220; link=&#8220;url:https%3A%2F%2Fwww.onitani.com%2Fde%2Fabgs-reise-nach-moorea%2F|title:AGB&#8217;s|target:_blank&#8220;][\/vc_column][\/vc_row][vc_row][vc_column][vc_single_image image=&#8220;29398&#8243; img_size=&#8220;full&#8220; alignment=&#8220;center&#8220; onclick=&#8220;custom_link&#8220; css_animation=&#8220;fadeIn&#8220; css=&#8220;&#8220; link=&#8220;https:\/\/youtu.be\/DSksRCpcr-g?si=KKcUfO1qC2aVBXG1&#8243;][vc_video link=&#8220;https:\/\/youtu.be\/CzoPQE625s8&#8243; css=&#8220;&#8220;][vc_message message_box_style=&#8220;solid&#8220; message_box_color=&#8220;sky&#8220; icon_fontawesome=&#8220;&#8220; css=&#8220;&#8220;]<\/p>\n<h4 class=\"p1\"><strong>Infos zu deiner Walreise nach Moorea<\/strong><\/h4>\n<p><a href=\"https:\/\/www.onitani.com\/de\/wp-content\/uploads\/2025\/10\/Flyer-Moorea-Wal-Reise-2026-2.pdf\" target=\"_blank\" rel=\"noopener\"><span style=\"color: #000000;\"><strong>INFOS ALS PDF<\/strong><\/span><\/a><\/p>\n<p><strong>Reisetermin:<\/strong> 11. &#8211; 22.09.2026 &#8211; 12 Tage \/11 N\u00e4chte &#8211; Moorea \/ max. 10 Teilnehmer.<br \/>\n<strong>Unterkunft:<\/strong> In einer wundersch\u00f6nen, grossen Villa, direkt am Meer mit eigenem kleinen Sandstrand und grosser Terrasse &amp; Garten.<br \/>\n<strong>Preis: ab CHF 4\u2019398.00&nbsp;<\/strong><br \/>\nAnzahlung: CHF 2000.00 innert 10 Tagen nach Rechnungsstellung.<br \/>\nRestzahlung bis 2 Monate vor Reisebeginn &#8211; 11.07.26.<br \/>\n<strong>Inklusive:<\/strong> Seminarteile, \u00dcbernachtungen, Halbpension (gemeinsames Kochen), 6 x Boot-Exkursionen zu den Walen, Automiete.<br \/>\n<strong>Exklusive:<\/strong> Flug, Visa f\u00fcr Einreise in die USA beim Transit, Extra Nacht am Flughafen von Tahiti am 10.09.2026 (Tahiti Airport Hotel) Ticket f\u00fcr F\u00e4hre und Taxi, Trinkgeld Boot 10 Euro p.P.<br \/>\nInfos zu den Daten f\u00fcr den Flug findest du hier.<\/p>\n<hr>\n<p style=\"text-align: left;\"><strong>Ia Orana &#8211; H\u00f6rst du den Ruf der Wale (Tohora) in deinem Herzen?<\/strong> Ist es schon lange dein Wunsch, ihnen nah zu sein? Bist du ein guter Schwimmer? Tauche mit uns ein in die kosmische Herzverbundenheit. Die s\u00fcdpazifische Insel Moorea ruft und erinnert dich an dein wahres kosmisches SEIN. Moorea ist ein wares Paradies, mit herzlichen Menschen die dich \u00fcberall mit einem warmen Ia Orana begr\u00fcssen. Der wundersch\u00f6ne blaue Ozean umh\u00fcllt dich mit seiner ganzen Liebe, sodass du dich w\u00e4hrend dieser Reise sicher und geborgen f\u00fchlst. Bettina und Hampi sind beide erfahrene Reisebegleiter. Sie lassen sich durch die Spirits f\u00fchren, und es geschieht genau das, was sich dir in dem magischen Feld zeigen will. Franz\u00f6sisch-Polynesien ist eines der wenigen L\u00e4nder der Welt, in denen das Schwimmen mit Walen m\u00f6glich ist. Wir besuchen an sechs Tagen mit dem Boot die geliebten Wale. Trotz aller k\u00f6rperlichen Unterschiede verbindet uns seit Jahrmillionen eine tiefe, nat\u00fcrliche Beziehung, die die Evolution \u00fcberdauert hat. Diese innere Bindung, die durch Trance-Arbeit und Seelengesang als Einheit erfahren wird, hilft uns, uns selbst wieder als die g\u00f6ttlichen Wesen zu erkennen, die wir wirklich sind. Zusammen mit dem Seelengesang, der auch in dir aktiviert wird, \u00f6ffnen wir die galaktischen Tore. Neben den wundervollen Erfahrungen im Ozean werden wir die Insel gemeinsam erkunden. Das Eintauchen in das wahre Leben der Natur bleibt magisch und unvergesslich. Erinnere dich. Wir freuen uns auf dich.<\/p>\n<p><strong>In Liebe Bettina &amp; Hampi<\/strong><\/p>\n<hr>\n<p style=\"text-align: left;\"><span style=\"color: #ffffff;\">Anmeldung:<a style=\"color: #ffffff;\" href=\"https:\/\/www.onitani.com\/de\/anmeldung-moorea-2025\/\" target=\"_blank\" rel=\"noopener\"> <em><strong>Link<\/strong><\/em><\/a><\/span><\/p>\n<ul style=\"text-align: left;\">\n<li>Infos: <a href=\"mailto:office@soul-journey.ch\">office@soul-journey.ch<\/a>&nbsp; &nbsp;|&nbsp; +41 79 371 11 19<\/li>\n<\/ul>\n<hr>\n<p style=\"text-align: left;\"><span style=\"color: #000000;\"><strong><a style=\"color: #000000;\" href=\"https:\/\/www.onitani.com\/de\/wp-content\/uploads\/2025\/10\/Flyer-Moorea-Wal-Reise-2026-2.pdf\" target=\"_blank\" rel=\"noopener\">Hier kannst du den Flyer als PDF anschauen<\/a><\/strong><\/span><\/p>\n<hr>\n<p>[\/vc_message][vc_message message_box_style=&#8220;solid&#8220; message_box_color=&#8220;sky&#8220; icon_fontawesome=&#8220;&#8220; css=&#8220;&#8220;]<strong><span style=\"font-family: 'Century Gothic',sans-serif;\">IA Orana (Hallo &#8211; Willkommen)<\/span><\/strong><\/p>\n<p><span style=\"font-family: 'Century Gothic',sans-serif;\">Seit 2025 gilt ein neues Gesetz, das nur noch sechs Schwimmer pro Boot im Wasser erlaubt. Unsere Gruppe besteht aus zw\u00f6lf Teilnehmern \u2013 daher werden wir die sechs Exkursionen in zwei Gruppen aufteilen: die Schwimmer und die Beobachter.&nbsp;<\/span><span style=\"font-family: 'Century Gothic',sans-serif;\">Einmal wirst du Teil der Schwimmergruppe sein und ein anderes Mal die Erfahrung als Beobachter machen. Glaub mir: Beides hat seinen ganz eigenen Zauber.<\/span><\/p>\n<p><span style=\"font-family: 'Century Gothic',sans-serif;\">In die Tiefe einzutauchen und den Wal unter Wasser wahrzunehmen, ist pure Magie. Doch auch ihn von oben zu beobachten \u2013 wenn er f\u00fcr einen Moment sein Element verl\u00e4sst und sich im Licht zeigt \u2013 ist ein unvergessliches Erlebnis. Beide Perspektiven hinterlassen eine tiefe, unbeschreibliche Ber\u00fchrung im Herzen.&nbsp;<\/span><span style=\"font-family: 'Century Gothic',sans-serif;\">Wir sind von Herzen dankbar, dass es \u00fcberhaupt noch m\u00f6glich ist, diesen wunderbaren Tieren so nah zu begegnen.<\/span><\/p>\n<p><span style=\"font-family: 'Century Gothic',sans-serif;\">Da wir in der Natur unterwegs sind und sie sich nicht planen l\u00e4sst \u2013 sei es durch st\u00fcrmisches Wetter oder weil sich die Wale nicht zeigen \u2013 hat jede Situation ihren Sinn. Es gibt so viel mehr im Meer zu entdecken, und die Insel h\u00e4lt unz\u00e4hlige weitere Erlebnisse f\u00fcr dich bereit.<\/span><\/p>\n<hr>\n<p><strong><span style=\"font-family: 'Century Gothic',sans-serif;\">Wichtige Hinweise zur Teilnahme im Wasser<\/span><\/strong><\/p>\n<p><span style=\"font-family: 'Century Gothic',sans-serif;\">Ein ganz wesentlicher Aspekt f\u00fcr die Teilnahme an der Walexkursion im Wasser ist deine k\u00f6rperliche und mentale Verfassung. Du solltest sicher und gut schwimmen k\u00f6nnen. Es wird vorausgesetzt, dass du mit Flossen, Schnorchel und Tauchmaske vertraut bist und sicher damit umgehen kannst.<\/span><\/p>\n<p><span style=\"font-family: 'Century Gothic',sans-serif;\">Bist du fit genug, um eine Strecke von etwa 100 Metern in z\u00fcgigem Tempo zur\u00fcckzulegen? F\u00fchlst du dich psychisch stabil, sicher und im Vertrauen, wenn du dich im offenen Meer bewegst?<\/span><\/p>\n<p><span style=\"font-family: 'Century Gothic',sans-serif;\">Wenn wir ins Wasser gehen, folgen wir unserem Guide in einem z\u00fcgigen Tempo bis zum Spot, an dem sich der Wal befindet. Dort geschieht der magische Moment \u2013 wenn der Wal aus seiner Ruhephase erwacht und an uns vorbeigleitet. In diesem Augenblick scheint Raum und Zeit stillzustehen. Der Wal bewegt sich wie in Zeitlupe, kraftvoll und doch sanft, und l\u00e4sst uns seine Pr\u00e4senz auf eine Weise sp\u00fcren, die mit Worten kaum zu beschreiben ist.<\/span><\/p>\n<p><span style=\"font-family: 'Century Gothic',sans-serif;\">Es f\u00fchlt sich an, als w\u00fcrde sich ein riesiger Engel zeigen \u2013 voller Liebe, Weisheit und Sch\u00f6nheit.<\/span>[\/vc_message][vc_message message_box_style=&#8220;solid&#8220; message_box_color=&#8220;sky&#8220; icon_fontawesome=&#8220;&#8220; css=&#8220;&#8220;]<\/p>\n<hr>\n<p style=\"text-align: left;\"><strong>FLUGANGABEN &#8211; folgen<\/strong><\/p>\n<hr>\n<hr>\n<p style=\"text-align: left;\">Vor Flugbuchung, bitte mit uns Kontakt aufnehmen, danke!<\/p>\n<p style=\"text-align: left;\"><strong><a href=\"mailto:OFFICE@SOUL-JOURNEY.CH\">OFFICE@SOUL-JOURNEY.CH<\/a><\/strong>&nbsp; &nbsp;+41 79 371 11 19<\/p>\n<hr>\n<p>[\/vc_message][\/vc_column][\/vc_row][vc_row][vc_column][\/vc_column][\/vc_row][vc_row][vc_column][\/vc_column][\/vc_row]<\/p>\n<\/div>","protected":false},"excerpt":{"rendered":"<p>[vc_row][vc_column width=&#8220;1\/5&#8243;][vc_btn title=&#8220;Pers\u00f6nlich&#8220; style=&#8220;outline&#8220; color=&#8220;white&#8220; align=&#8220;center&#8220; i_icon_fontawesome=&#8220;fa fa-solid fa-circle-info&#8220; css=&#8220;&#8220; add_icon=&#8220;true&#8220; link=&#8220;url:https%3A%2F%2Fwww.onitani.com%2Fde%2Fmoorea-wal-reise-persoenlich%2F|title:MOOREA%20WAL-REISE%20Pers%C3%B6nlich&#8220;][\/vc_column][vc_column width=&#8220;1\/5&#8243;][vc_btn title=&#8220;Anmeldung&#8220; style=&#8220;outline&#8220; color=&#8220;white&#8220; align=&#8220;center&#8220; i_icon_fontawesome=&#8220;fa fa-solid fa-circle-info&#8220; css=&#8220;&#8220; add_icon=&#8220;true&#8220; link=&#8220;url:https%3A%2F%2Fwww.onitani.com%2Fde%2Fanmeldung-moorea-2026%2F|title:Anmeldung%20Moorea%202026|target:_blank&#8220;][\/vc_column][vc_column width=&#8220;1\/5&#8243;][vc_btn title=&#8220;Impressionen&#8220; style=&#8220;outline&#8220; color=&#8220;white&#8220; align=&#8220;center&#8220; i_icon_fontawesome=&#8220;fa fa-solid fa-circle-info&#8220; css=&#8220;&#8220; add_icon=&#8220;true&#8220; link=&#8220;url:https%3A%2F%2Fwww.onitani.com%2Fde%2Fjs_photo_albums%2Fmoorea-impressionen%2F|title:Impressionen%20Moorea%202025|target:_blank&#8220;][\/vc_column][vc_column width=&#8220;1\/5&#8243;][vc_btn title=&#8220;R\u00fcckmeldungen&#8220; style=&#8220;outline&#8220; color=&#8220;white&#8220; align=&#8220;center&#8220; i_icon_fontawesome=&#8220;fa&#8230;<\/p>\n","protected":false},"author":1,"featured_media":0,"parent":0,"menu_order":0,"comment_status":"closed","ping_status":"closed","template":"","meta":{"footnotes":""},"class_list":["post-27466","page","type-page","status-publish","hentry"],"_links":{"self":[{"href":"https:\/\/www.onitani.com\/de\/wp-json\/wp\/v2\/pages\/27466","targetHints":{"allow":["GET"]}}],"collection":[{"href":"https:\/\/www.onitani.com\/de\/wp-json\/wp\/v2\/pages"}],"about":[{"href":"https:\/\/www.onitani.com\/de\/wp-json\/wp\/v2\/types\/page"}],"author":[{"embeddable":true,"href":"https:\/\/www.onitani.com\/de\/wp-json\/wp\/v2\/users\/1"}],"replies":[{"embeddable":true,"href":"https:\/\/www.onitani.com\/de\/wp-json\/wp\/v2\/comments?post=27466"}],"version-history":[{"count":40,"href":"https:\/\/www.onitani.com\/de\/wp-json\/wp\/v2\/pages\/27466\/revisions"}],"predecessor-version":[{"id":29436,"href":"https:\/\/www.onitani.com\/de\/wp-json\/wp\/v2\/pages\/27466\/revisions\/29436"}],"wp:attachment":[{"href":"https:\/\/www.onitani.com\/de\/wp-json\/wp\/v2\/media?parent=27466"}],"curies":[{"name":"wp","href":"https:\/\/api.w.org\/{rel}","templated":true}]}}