{"id":27487,"date":"2024-09-23T10:13:08","date_gmt":"2024-09-23T08:13:08","guid":{"rendered":"https:\/\/www.onitani.com\/de\/?page_id=27487"},"modified":"2025-10-17T14:46:53","modified_gmt":"2025-10-17T12:46:53","slug":"anmeldung-moorea-2026","status":"publish","type":"page","link":"https:\/\/www.onitani.com\/de\/anmeldung-moorea-2026\/","title":{"rendered":"Anmeldung Moorea 2026"},"content":{"rendered":"<div class=\"wpb-content-wrapper\"><p>[vc_row][vc_column][vc_btn title=&#8220;Zur\u00fcck&#8220; style=&#8220;outline&#8220; color=&#8220;white&#8220; align=&#8220;center&#8220; i_icon_fontawesome=&#8220;fa fa-solid fa-circle-info&#8220; css=&#8220;&#8220; add_icon=&#8220;true&#8220; link=&#8220;url:https%3A%2F%2Fwww.onitani.com%2Fde%2Fmoorea-wal-reise-2026%2F|title:MOOREA%20WAL-REISE%202026|target:_blank&#8220;][\/vc_column][\/vc_row][vc_row][vc_column][vc_message style=&#8220;round&#8220; message_box_color=&#8220;peacoc&#8220; css=&#8220;&#8220;]<div class=\"wpforms-container wpforms-container-full\" id=\"wpforms-27481\"><form id=\"wpforms-form-27481\" class=\"wpforms-validate wpforms-form\" data-formid=\"27481\" method=\"post\" enctype=\"multipart\/form-data\" action=\"\/de\/wp-json\/wp\/v2\/pages\/27487\" data-token=\"4332f00c97e1ea5f050c885fcfad0a44\" data-token-time=\"1776766639\"><noscript class=\"wpforms-error-noscript\">Bitte aktiviere JavaScript in deinem Browser, um dieses Formular fertigzustellen.<\/noscript><div class=\"wpforms-field-container\"><div id=\"wpforms-27481-field_18-container\" class=\"wpforms-field wpforms-field-select wpforms-field-select-style-modern\" data-field-id=\"18\"><label class=\"wpforms-field-label\" for=\"wpforms-27481-field_18\">Ich melde mich definitiv f\u00fcr die Reise nach MOOREA an: <\/label><select id=\"wpforms-27481-field_18\" class=\"wpforms-field-medium choicesjs-select\" data-size-class=\"wpforms-field-row wpforms-field-medium\" data-search-enabled=\"\" name=\"wpforms[fields][18]\"><option value=\"\" class=\"placeholder\" disabled ><\/option><option value=\"MOOREA 11.-22.09.2026\"  selected='selected' class=\"choice-9 depth-1\"  >MOOREA 11.-22.09.2026<\/option><\/select><\/div><div id=\"wpforms-27481-field_50-container\" class=\"wpforms-field wpforms-field-radio\" data-field-id=\"50\"><label class=\"wpforms-field-label\">Reisekosten f\u00fcr 12 Tage\/11 N\u00e4chte <span class=\"wpforms-required-label\">*<\/span><\/label><ul id=\"wpforms-27481-field_50\" class=\"wpforms-field-required\"><li class=\"choice-2 depth-1\"><input type=\"radio\" id=\"wpforms-27481-field_50_2\" name=\"wpforms[fields][50]\" value=\"CHF 4&#039;398 (Standard)\" required ><label class=\"wpforms-field-label-inline\" for=\"wpforms-27481-field_50_2\">CHF 4'398 (Standard)<\/label><\/li><\/ul><div class=\"wpforms-field-description\">Einzelbett in 3er Zimmer 90x190<\/div><\/div><div id=\"wpforms-27481-field_67-container\" class=\"wpforms-field wpforms-field-radio\" data-field-id=\"67\"><label class=\"wpforms-field-label\">Zuschlag im Dreierzimmer<\/label><ul id=\"wpforms-27481-field_67\"><li class=\"choice-2 depth-1\"><input type=\"radio\" id=\"wpforms-27481-field_67_2\" name=\"wpforms[fields][67]\" value=\"CHF 200 \/ Person\"  ><label class=\"wpforms-field-label-inline\" for=\"wpforms-27481-field_67_2\">CHF 200 \/ Person<\/label><\/li><\/ul><div class=\"wpforms-field-description\">Kingsize 180x190<\/div><\/div><div id=\"wpforms-27481-field_25-container\" class=\"wpforms-field wpforms-field-text\" data-field-id=\"25\"><label class=\"wpforms-field-label\" for=\"wpforms-27481-field_25\">Vorname <span class=\"wpforms-required-label\">*<\/span><\/label><input type=\"text\" id=\"wpforms-27481-field_25\" class=\"wpforms-field-medium wpforms-field-required\" name=\"wpforms[fields][25]\" placeholder=\"Vorname (wie im Reisepass)\" required><\/div><div id=\"wpforms-27481-field_26-container\" class=\"wpforms-field wpforms-field-text\" data-field-id=\"26\"><label class=\"wpforms-field-label\" for=\"wpforms-27481-field_26\">Name <span class=\"wpforms-required-label\">*<\/span><\/label><input type=\"text\" id=\"wpforms-27481-field_26\" class=\"wpforms-field-medium wpforms-field-required\" name=\"wpforms[fields][26]\" placeholder=\"Name (wie im Reisepass)\" required><\/div><div id=\"wpforms-27481-field_27-container\" class=\"wpforms-field wpforms-field-text\" data-field-id=\"27\"><label class=\"wpforms-field-label\" for=\"wpforms-27481-field_27\">Adresse - Nr. <span class=\"wpforms-required-label\">*<\/span><\/label><input type=\"text\" id=\"wpforms-27481-field_27\" class=\"wpforms-field-medium wpforms-field-required\" name=\"wpforms[fields][27]\" placeholder=\"Adresse - Nr.\" required><\/div><div id=\"wpforms-27481-field_32-container\" class=\"wpforms-field wpforms-field-text\" data-field-id=\"32\"><label class=\"wpforms-field-label\" for=\"wpforms-27481-field_32\">Postleitzahl <span class=\"wpforms-required-label\">*<\/span><\/label><input type=\"text\" id=\"wpforms-27481-field_32\" class=\"wpforms-field-medium wpforms-field-required\" name=\"wpforms[fields][32]\" placeholder=\"Postleitzahl\" required><\/div><div id=\"wpforms-27481-field_31-container\" class=\"wpforms-field wpforms-field-text\" data-field-id=\"31\"><label class=\"wpforms-field-label\" for=\"wpforms-27481-field_31\">Ort <span class=\"wpforms-required-label\">*<\/span><\/label><input type=\"text\" id=\"wpforms-27481-field_31\" class=\"wpforms-field-medium wpforms-field-required\" name=\"wpforms[fields][31]\" placeholder=\"Ort\" required><\/div><div id=\"wpforms-27481-field_30-container\" class=\"wpforms-field wpforms-field-text\" data-field-id=\"30\"><label class=\"wpforms-field-label\" for=\"wpforms-27481-field_30\">E-Mail-Adresse <span class=\"wpforms-required-label\">*<\/span><\/label><input type=\"text\" id=\"wpforms-27481-field_30\" class=\"wpforms-field-medium wpforms-field-required\" name=\"wpforms[fields][30]\" placeholder=\"E-Mail-Adresse\" required><\/div><div id=\"wpforms-27481-field_29-container\" class=\"wpforms-field wpforms-field-text\" data-field-id=\"29\"><label class=\"wpforms-field-label\" for=\"wpforms-27481-field_29\">Handy <span class=\"wpforms-required-label\">*<\/span><\/label><input type=\"text\" id=\"wpforms-27481-field_29\" class=\"wpforms-field-medium wpforms-field-required\" name=\"wpforms[fields][29]\" placeholder=\"Handy\" required><\/div><div id=\"wpforms-27481-field_28-container\" class=\"wpforms-field wpforms-field-text\" data-field-id=\"28\"><label class=\"wpforms-field-label\" for=\"wpforms-27481-field_28\">Geburtstag <span class=\"wpforms-required-label\">*<\/span><\/label><input type=\"text\" id=\"wpforms-27481-field_28\" class=\"wpforms-field-medium wpforms-field-required\" name=\"wpforms[fields][28]\" placeholder=\"Geburtstag\" required><\/div><div id=\"wpforms-27481-field_3-container\" class=\"wpforms-field wpforms-field-textarea\" data-field-id=\"3\"><label class=\"wpforms-field-label\" for=\"wpforms-27481-field_3\">Mitteilung<\/label><textarea id=\"wpforms-27481-field_3\" class=\"wpforms-field-medium\" name=\"wpforms[fields][3]\" ><\/textarea><\/div><div id=\"wpforms-27481-field_12-container\" class=\"wpforms-field wpforms-field-checkbox\" data-field-id=\"12\"><label class=\"wpforms-field-label\">Wie habe ich euch gefunden <span class=\"wpforms-required-label\">*<\/span><\/label><ul id=\"wpforms-27481-field_12\" class=\"wpforms-field-required\"><li class=\"choice-1 depth-1\"><input type=\"checkbox\" id=\"wpforms-27481-field_12_1\" name=\"wpforms[fields][12][]\" value=\"war schon mal dabei\" required ><label class=\"wpforms-field-label-inline\" for=\"wpforms-27481-field_12_1\">war schon mal dabei<\/label><\/li><li class=\"choice-2 depth-1\"><input type=\"checkbox\" id=\"wpforms-27481-field_12_2\" name=\"wpforms[fields][12][]\" value=\"Empfehlung\" required ><label class=\"wpforms-field-label-inline\" for=\"wpforms-27481-field_12_2\">Empfehlung<\/label><\/li><li class=\"choice-3 depth-1\"><input type=\"checkbox\" id=\"wpforms-27481-field_12_3\" name=\"wpforms[fields][12][]\" value=\"Internet\" required ><label class=\"wpforms-field-label-inline\" for=\"wpforms-27481-field_12_3\">Internet<\/label><\/li><li class=\"choice-4 depth-1\"><input type=\"checkbox\" id=\"wpforms-27481-field_12_4\" name=\"wpforms[fields][12][]\" value=\"Social Media\" required ><label class=\"wpforms-field-label-inline\" for=\"wpforms-27481-field_12_4\">Social Media<\/label><\/li><li class=\"choice-5 depth-1\"><input type=\"checkbox\" id=\"wpforms-27481-field_12_5\" name=\"wpforms[fields][12][]\" value=\"YouTube\" required ><label class=\"wpforms-field-label-inline\" for=\"wpforms-27481-field_12_5\">YouTube<\/label><\/li><li class=\"choice-10 depth-1\"><input type=\"checkbox\" id=\"wpforms-27481-field_12_10\" name=\"wpforms[fields][12][]\" value=\"Bettina von Onitani\" required ><label class=\"wpforms-field-label-inline\" for=\"wpforms-27481-field_12_10\">Bettina von Onitani<\/label><\/li><li class=\"choice-8 depth-1\"><input type=\"checkbox\" id=\"wpforms-27481-field_12_8\" name=\"wpforms[fields][12][]\" value=\"Hampi van de Velde\" required ><label class=\"wpforms-field-label-inline\" for=\"wpforms-27481-field_12_8\">Hampi van de Velde<\/label><\/li><\/ul><\/div><div id=\"wpforms-27481-field_13-container\" class=\"wpforms-field wpforms-field-checkbox\" data-field-id=\"13\"><label class=\"wpforms-field-label\">AGBs <span class=\"wpforms-required-label\">*<\/span><\/label><ul id=\"wpforms-27481-field_13\" class=\"wpforms-field-required\"><li class=\"choice-1 depth-1\"><input type=\"checkbox\" id=\"wpforms-27481-field_13_1\" name=\"wpforms[fields][13][]\" value=\"Habe AGB&#039;s gelesen und bin damit einverstanden!\" required ><label class=\"wpforms-field-label-inline\" for=\"wpforms-27481-field_13_1\">Habe AGB's gelesen und bin damit einverstanden!<\/label><\/li><\/ul><\/div><div id=\"wpforms-27481-field_56-container\" class=\"wpforms-field wpforms-field-textarea\" data-field-id=\"56\"><label class=\"wpforms-field-label\" for=\"wpforms-27481-field_56\">BITTE BEACHTEN!<\/label><textarea id=\"wpforms-27481-field_56\" class=\"wpforms-field-small\" name=\"wpforms[fields][56]\" placeholder=\"Ihr Lieben aus Deutschland und \u00d6sterreich. Als Schweizer Unternehmen, sind die Preise in CHF. Die Rechnung kann jedoch gerne auch in EUR beglichen werden. F\u00fcr W\u00e4hrungs-Umrechnungen, bitte zuunterst auf der Seite Betrag in den W\u00e4hrungsrechner einsetzen, danke!  Swiss Franc (CHF) \/ Euro (EUR). W\u00e4hrungsdifferenzen von mehr als CHF 50.00 werden nachverrechnet oder verg\u00fctet.\" ><\/textarea><\/div><div id=\"wpforms-27481-field_64-container\" class=\"wpforms-field wpforms-field-textarea\" data-field-id=\"64\"><label class=\"wpforms-field-label\" for=\"wpforms-27481-field_64\">Zahlungsbedingungen<\/label><textarea id=\"wpforms-27481-field_64\" class=\"wpforms-field-small\" name=\"wpforms[fields][64]\" placeholder=\"Anzahlung innert 10 Tagen nach Erhalt der Rechnung: CHF 2&#039;000.00  |  Restzahlung bis zwei Monate vor Reisebeginn\" ><\/textarea><\/div><\/div><!-- .wpforms-field-container --><div class=\"wpforms-submit-container\" ><input type=\"hidden\" name=\"wpforms[id]\" value=\"27481\"><input type=\"hidden\" name=\"page_title\" value=\"\"><input type=\"hidden\" name=\"page_url\" value=\"https:\/\/www.onitani.com\/de\/wp-json\/wp\/v2\/pages\/27487\"><input type=\"hidden\" name=\"url_referer\" value=\"\"><button type=\"submit\" name=\"wpforms[submit]\" id=\"wpforms-submit-27481\" class=\"wpforms-submit\" aria-live=\"assertive\" value=\"wpforms-submit\">Absenden<\/button><\/div><\/form><\/div>  <!-- .wpforms-container -->[\/vc_message][vc_message style=&#8220;round&#8220; message_box_color=&#8220;peacoc&#8220; css=&#8220;&#8220;]<\/p>\n<h3><span style=\"color: #808080;\"><strong>AGBs ONITANI Reise nach Moorea<\/strong><\/span><\/h3>\n<ol>\n<li>Platzreservation erst nach Eingang der Anzahlung definitiv<\/li>\n<li>Rechnung erfolgt per E-Mail (PDF) und kann in CHF oder EUR bezahlt werden<\/li>\n<li><strong>Rechnungsanerkennung gleich Rechtsg\u00fcltigkeit (Verweis Position 21)<br \/>\n<\/strong><\/li>\n<li>Anzahlung innert 10 Tagen nach Erhalt der Rechnung: CHF 2&#8217;000.00<\/li>\n<li>Restzahlung bis zwei Monate vor Reisebeginn<\/li>\n<li>Fl\u00fcge werden separat und individuell gebucht und ist Sache der Teilnehmer<\/li>\n<li>G\u00fcltiger Reisepass<\/li>\n<li>Anmeldung: Vorname und Name identisch mit Reisepass<\/li>\n<li>Reiseversicherung ist Sache der Teilnehmer<\/li>\n<li>Haft- und Unfallversicherung ist Sache der Teilnehmer<\/li>\n<li>Annullation bis 6 Monate vor Reisebeginn = 50% der Anzahlung geschuldet<\/li>\n<li>Annullation bis 4 Monate vor Reisebeginn = 50% des Gesamtbetrages geschuldet<\/li>\n<li>Annullation bis 2 Monate vor Reisebeginn = 100% des Gesamtbetrages geschuldet<\/li>\n<li>Annullationskosten in jedem Fall&nbsp; CHF 200.00 (ausser Position 15)<\/li>\n<li>Annullation seitens <strong>ONITANI<\/strong>&nbsp; = 100% R\u00fcckerstattung<\/li>\n<li>Annullation <strong>wegen Massnahmen<\/strong> der Regierungen. Gutschrift auf Verschiebedatum oder R\u00fcckerstattung mit&nbsp; Annullationsgeb\u00fchr: CHF 200.00<\/li>\n<li>Anmeldung ist nach Absprache \u00fcbertragbar<\/li>\n<li>Kursdifferenzen ab CHF 50.00 werden bei Eurozahlungen, nachverrechnet oder erstattet<\/li>\n<li>Programm\u00e4nderungen bleiben vorbehalten<\/li>\n<li>Auf die Rechtsbeziehungen ist ausschlie\u00dflich Schweizerisches Recht anwendbar<\/li>\n<li><strong>Gerichtsstand Solothurn CH (Rechnungsanerkennung gleich Unterschrift, Position 3)<\/strong><\/li>\n<\/ol>\n<hr>\n<p><strong>ONITANI KLG (Kollektivgesellschaft)<\/strong><br \/>\nTino &amp; Bettina Mosca-Sch\u00fctz&nbsp;&nbsp; |&nbsp;&nbsp; Hauptstrasse 13&nbsp;&nbsp; |&nbsp;&nbsp; CH-4556 Burg\u00e4schi CH&nbsp;&nbsp; |&nbsp; &nbsp;+41 79 471 77 66&nbsp; &nbsp;|&nbsp; <span style=\"color: #000000;\">&nbsp;<a style=\"color: #000000;\" href=\"mailto:office@soul-journey-ch\">info@onitani.com<\/a><\/span><\/p>\n<p><strong>MWST Nr. CHE-114.665.805<\/strong> (Handelsregisteramt Solothurn) Kollektivgesellschaft<\/p>\n<hr>\n<p><strong>Postverbindung CHF: <\/strong><br \/>\nKonto: 85-169656-4, BIC: POFICHBEXXX, IBAN: CH03 0300 0000 5216 9656 4<\/p>\n<p><strong>Bankverbindung CHF: <\/strong><br \/>\nRaiffeisenbank Wasseramt-Buchsi, 4552 Derendingen, Clearing: 80928, BIC: RAIFCH 22, IBAN: CH18 8080 8008 0333 5324 9<\/p>\n<p><strong>Bankverbindung EUR: <\/strong><br \/>\nRaiffeisenbank Wasseramt-Buchsi, 4552 Derendingen, Clearing: 80928, BIC: RAIFCH 22, IBAN: CH73 8080 8003 6391 8891 8[\/vc_message][\/vc_column][\/vc_row]<\/p>\n<\/div>","protected":false},"excerpt":{"rendered":"<p>[vc_row][vc_column][vc_btn title=&#8220;Zur\u00fcck&#8220; style=&#8220;outline&#8220; color=&#8220;white&#8220; align=&#8220;center&#8220; i_icon_fontawesome=&#8220;fa fa-solid fa-circle-info&#8220; css=&#8220;&#8220; add_icon=&#8220;true&#8220; link=&#8220;url:https%3A%2F%2Fwww.onitani.com%2Fde%2Fmoorea-wal-reise-2026%2F|title:MOOREA%20WAL-REISE%202026|target:_blank&#8220;][\/vc_column][\/vc_row][vc_row][vc_column][vc_message style=&#8220;round&#8220; message_box_color=&#8220;peacoc&#8220; css=&#8220;&#8220;][\/vc_message][vc_message style=&#8220;round&#8220; message_box_color=&#8220;peacoc&#8220; css=&#8220;&#8220;] AGBs ONITANI Reise nach Moorea Platzreservation erst nach Eingang der Anzahlung definitiv Rechnung erfolgt per E-Mail (PDF) und kann in CHF oder EUR&#8230;<\/p>\n","protected":false},"author":1,"featured_media":0,"parent":0,"menu_order":0,"comment_status":"closed","ping_status":"closed","template":"","meta":{"footnotes":""},"class_list":["post-27487","page","type-page","status-publish","hentry"],"_links":{"self":[{"href":"https:\/\/www.onitani.com\/de\/wp-json\/wp\/v2\/pages\/27487","targetHints":{"allow":["GET"]}}],"collection":[{"href":"https:\/\/www.onitani.com\/de\/wp-json\/wp\/v2\/pages"}],"about":[{"href":"https:\/\/www.onitani.com\/de\/wp-json\/wp\/v2\/types\/page"}],"author":[{"embeddable":true,"href":"https:\/\/www.onitani.com\/de\/wp-json\/wp\/v2\/users\/1"}],"replies":[{"embeddable":true,"href":"https:\/\/www.onitani.com\/de\/wp-json\/wp\/v2\/comments?post=27487"}],"version-history":[{"count":13,"href":"https:\/\/www.onitani.com\/de\/wp-json\/wp\/v2\/pages\/27487\/revisions"}],"predecessor-version":[{"id":29109,"href":"https:\/\/www.onitani.com\/de\/wp-json\/wp\/v2\/pages\/27487\/revisions\/29109"}],"wp:attachment":[{"href":"https:\/\/www.onitani.com\/de\/wp-json\/wp\/v2\/media?parent=27487"}],"curies":[{"name":"wp","href":"https:\/\/api.w.org\/{rel}","templated":true}]}}