{"id":27728,"date":"2024-11-12T08:51:32","date_gmt":"2024-11-12T07:51:32","guid":{"rendered":"https:\/\/www.onitani.com\/de\/?page_id=27728"},"modified":"2025-11-24T21:10:24","modified_gmt":"2025-11-24T20:10:24","slug":"aegypten-delfin-reise-herbst","status":"publish","type":"page","link":"https:\/\/www.onitani.com\/de\/aegypten-delfin-reise-herbst\/","title":{"rendered":"DELFIN-REISE NOVEMBER 2026 \ud83e\ude75"},"content":{"rendered":"<div class=\"wpb-content-wrapper\"><p>[vc_row][vc_column width=&#8220;1\/5&#8243;][vc_btn title=&#8220;PERS\u00d6NLICH&#8220; color=&#8220;white&#8220; align=&#8220;center&#8220; css_animation=&#8220;none&#8220; css=&#8220;&#8220; link=&#8220;url:https%3A%2F%2Fwww.onitani.com%2Fde%2Faegypten-delfin-herbst-persoenlich%2F|title:Pes%C3%B6nlich|target:_blank&#8220;][\/vc_column][vc_column width=&#8220;1\/5&#8243;][vc_btn title=&#8220;ANMELDUNG&#8220; color=&#8220;white&#8220; align=&#8220;center&#8220; css_animation=&#8220;none&#8220; css=&#8220;&#8220; link=&#8220;url:https%3A%2F%2Fwww.onitani.com%2Fde%2Fanmeldung-aegypten-delfin-reise-herbst%2F|title:Anmeldung%20Herbst|target:_blank&#8220;][\/vc_column][vc_column width=&#8220;1\/5&#8243;][vc_btn title=&#8220;IMPRESSIONEN&#8220; color=&#8220;white&#8220; align=&#8220;center&#8220; css_animation=&#8220;none&#8220; css=&#8220;&#8220; link=&#8220;url:https%3A%2F%2Fwww.onitani.com%2Fde%2Fjs_photo_albums%2Faegypten-delfine-herbst%2F|title:Impressionen%20%C3%84gypten%20Delfin%20Reise|target:_blank&#8220;][\/vc_column][vc_column width=&#8220;1\/5&#8243;][vc_btn title=&#8220;R\u00fcckmeldungen&#8220; color=&#8220;white&#8220; align=&#8220;center&#8220; css_animation=&#8220;none&#8220; css=&#8220;&#8220; link=&#8220;url:https%3A%2F%2Fwww.onitani.com%2Fde%2Frueckmeldungen-onitani-reisen%2F|title:R%C3%BCckmeldungen|target:_blank&#8220;][\/vc_column][vc_column width=&#8220;1\/5&#8243;][vc_btn title=&#8220;AGB&#8217;s&#8220; color=&#8220;white&#8220; align=&#8220;center&#8220; css_animation=&#8220;none&#8220; css=&#8220;&#8220; link=&#8220;url:https%3A%2F%2Fwww.onitani.com%2Fde%2Fagbs-fuer-reisen%2F|title:AGB&#8217;s|target:_blank&#8220;][\/vc_column][\/vc_row][vc_row][vc_column][vc_column_text css=&#8220;&#8220;]<\/p>\n<hr>\n<p><span style=\"color: #ffffff;\"><a style=\"color: #ffffff;\" href=\"https:\/\/www.onitani.com\/de\/wp-content\/uploads\/2025\/11\/Flyer-Delfinreise-November-2026.pdf\" target=\"_blank\" rel=\"noopener\"><em><strong>F\u00fcr PDF, hier anklicken<\/strong><\/em><\/a><\/span><\/p>\n<hr>\n<p class=\"p1\"><span style=\"color: #ffffff;\"><b>Bist du bereits f\u00fcr eine Ver\u00e4nderung<\/b><\/span><\/p>\n<p class=\"p1\"><span style=\"color: #ffffff;\">Das Rote Meer \u2013 ein fl\u00fcssiger Tempel der Stille und des Staunens&nbsp;Es ist, als w\u00fcrde das Rote Meer nicht nur Wasser tragen, sondern Geheimnisse \u2013 alte, weise, heilende.&nbsp;Wie ein Herzschlag der Erde pulsiert es zwischen Korallen, Farben und Licht.<\/span><\/p>\n<p class=\"p1\"><span style=\"color: #ffffff;\">Und mittendrin die Delfine \u2013 die T\u00e4nzer der Tiefe.&nbsp;Sie sind wie flie\u00dfende Gebete der Leichtigkeit, Boten zwischen den Welten.<\/span><\/p>\n<p class=\"p1\"><span style=\"color: #ffffff;\">Wenn sie durch das Wasser gleiten, \u00f6ffnen sich R\u00e4ume \u2013 nicht nur im Meer, sondern auch in uns.&nbsp;Sie erinnern uns daran, wie es ist, frei zu sein.&nbsp;Echt zu sein. Ganz bei sich \u2013 und doch verbunden mit allem.<\/span><\/p>\n<ul>\n<li class=\"p1\"><span style=\"color: #ffffff;\">Du kannst sie nicht hetzen.<\/span><\/li>\n<li class=\"p1\"><span style=\"color: #ffffff;\">Du kannst sie nicht greifen.<\/span><\/li>\n<li class=\"p1\"><span style=\"color: #ffffff;\">Du kannst nur still werden, lauschen \u2013 und da sein.<\/span><\/li>\n<li class=\"p1\"><span style=\"color: #ffffff;\">Wenn du ganz im Moment bist, \u00f6ffnet sich ein Raum.<\/span><\/li>\n<li class=\"p1\"><span style=\"color: #ffffff;\">Die Delfine kommen nicht, weil du willst.<\/span><\/li>\n<li class=\"p1\"><span style=\"color: #ffffff;\">Sie kommen, <strong>wenn du bist.<\/strong><\/span><\/li>\n<\/ul>\n<p class=\"p1\"><span style=\"color: #ffffff;\"><strong>So wie die Achtsamkeit:<\/strong><\/span><\/p>\n<ul>\n<li class=\"p1\"><span style=\"color: #ffffff;\">Sie zeigt sich nicht, wenn du suchst.<\/span><\/li>\n<li class=\"p1\"><span style=\"color: #ffffff;\">Sondern wenn du dich \u00f6ffnest.<\/span><\/li>\n<\/ul>\n<p class=\"p1\"><span style=\"color: #ffffff;\">Im Hier. Im Jetzt. Im Vertrauen, dass alles bereits da ist.<\/span><\/p>\n<p>[\/vc_column_text][vc_column_text css=&#8220;&#8220;]<\/p>\n<hr>\n<p><a href=\"https:\/\/www.onitani.com\/de\/wp-content\/uploads\/2025\/11\/Flyer-Delfinreise-November-2026.pdf\" target=\"_blank\" rel=\"noopener\"><span style=\"color: #0000ff;\"><em><strong>F\u00fcr PDF, hier anklicken<\/strong><\/em><\/span><\/a><\/p>\n<hr>\n<p class=\"p1\"><strong><span style=\"color: #ffffff;\">ACHTSAME DELFINREISE&nbsp; <\/span><\/strong><\/p>\n<p class=\"p1\"><span style=\"color: #ffffff;\">Tauche ein in eine Erfahrung voller Leichtigkeit und Freude, wenn dich die Delfine mit Vertrauen und Anmut willkommen hei\u00dfen. Ein Gef\u00fchl purer Magie durchstr\u00f6mt deinen K\u00f6rper, dein Herz \u00f6ffnet sich, und du f\u00fchlst dich getragen. In dir erwacht die Erinnerung an dein lemurisches Erbe \u2013 an jenes Feld der Einheit, der g\u00f6ttlichen Pr\u00e4senz, das wir alle in uns tragen. Lemuria ruft dich, um dein Bewusstsein f\u00fcr dieses innere Paradies neu zu entfalten. Dort tr\u00e4gst du dein Lichtgewand, das dein wahres Wesen zum Ausdruck bringt. Die Verbindung zu allen Lichtwesen, auch zu den Engeln des Meeres, ist dir vertraut und er\u00f6ffnet dir eine neue Dimension des Seins. Der Zauber von Lemuria ist erwacht \u2013 in dir. Heilung geschieht auf allen Ebenen. Die Energie steigt an, Lachen und Tanzen erf\u00fcllt den Raum. In der Engelverbindung von Jasmine, dem Seelengesang von Bettina und dem Schwimmen mit Delfinen entlang farbenpr\u00e4chtiger Korallenriffe findest du den Schl\u00fcssel zu deiner uralten Verbindung mit deinem ewigen Sein. Wir freuen uns sehr darauf, gemeinsam mit dir in dieses wundervolle Abenteuer einzutauchen. Wir sehen dich. <\/span><\/p>\n<p class=\"p1\"><span style=\"color: #ffffff;\">In Liebe<span class=\"Apple-converted-space\">&nbsp;<\/span>Jasmine &amp; Bettina<\/span><\/p>\n<hr>\n<p>[\/vc_column_text][\/vc_column][\/vc_row][vc_row][vc_column][vc_single_image image=&#8220;29205&#8243; img_size=&#8220;full&#8220; alignment=&#8220;center&#8220; style=&#8220;vc_box_rounded&#8220; onclick=&#8220;custom_link&#8220; css=&#8220;&#8220; link=&#8220;https:\/\/www.onitani.com\/de\/wp-content\/uploads\/2025\/04\/Delfinreise-November-2025-NEU.pdf&#8220;][\/vc_column][\/vc_row][vc_row][vc_column][vc_btn title=&#8220;ANMELDUNG&#8220; color=&#8220;white&#8220; align=&#8220;center&#8220; css_animation=&#8220;none&#8220; css=&#8220;&#8220; link=&#8220;url:https%3A%2F%2Fwww.onitani.com%2Fde%2Fanmeldung-aegypten-delfin-reise-herbst%2F|title:ONITANI%20Soul-Journey|target:_blank&#8220;][\/vc_column][\/vc_row][vc_row][vc_column][vc_video link=&#8220;https:\/\/youtu.be\/LC7RysF81-s?si=muD3gkCt80iJ_dvB&#8220; css=&#8220;&#8220;][\/vc_column][\/vc_row]<\/p>\n<\/div>","protected":false},"excerpt":{"rendered":"<p>[vc_row][vc_column width=&#8220;1\/5&#8243;][vc_btn title=&#8220;PERS\u00d6NLICH&#8220; color=&#8220;white&#8220; align=&#8220;center&#8220; css_animation=&#8220;none&#8220; css=&#8220;&#8220; link=&#8220;url:https%3A%2F%2Fwww.onitani.com%2Fde%2Faegypten-delfin-herbst-persoenlich%2F|title:Pes%C3%B6nlich|target:_blank&#8220;][\/vc_column][vc_column width=&#8220;1\/5&#8243;][vc_btn title=&#8220;ANMELDUNG&#8220; color=&#8220;white&#8220; align=&#8220;center&#8220; css_animation=&#8220;none&#8220; css=&#8220;&#8220; link=&#8220;url:https%3A%2F%2Fwww.onitani.com%2Fde%2Fanmeldung-aegypten-delfin-reise-herbst%2F|title:Anmeldung%20Herbst|target:_blank&#8220;][\/vc_column][vc_column width=&#8220;1\/5&#8243;][vc_btn title=&#8220;IMPRESSIONEN&#8220; color=&#8220;white&#8220; align=&#8220;center&#8220; css_animation=&#8220;none&#8220; css=&#8220;&#8220; link=&#8220;url:https%3A%2F%2Fwww.onitani.com%2Fde%2Fjs_photo_albums%2Faegypten-delfine-herbst%2F|title:Impressionen%20%C3%84gypten%20Delfin%20Reise|target:_blank&#8220;][\/vc_column][vc_column width=&#8220;1\/5&#8243;][vc_btn title=&#8220;R\u00fcckmeldungen&#8220; color=&#8220;white&#8220; align=&#8220;center&#8220; css_animation=&#8220;none&#8220; css=&#8220;&#8220; link=&#8220;url:https%3A%2F%2Fwww.onitani.com%2Fde%2Frueckmeldungen-onitani-reisen%2F|title:R%C3%BCckmeldungen|target:_blank&#8220;][\/vc_column][vc_column width=&#8220;1\/5&#8243;][vc_btn title=&#8220;AGB&#8217;s&#8220; color=&#8220;white&#8220; align=&#8220;center&#8220; css_animation=&#8220;none&#8220; css=&#8220;&#8220; link=&#8220;url:https%3A%2F%2Fwww.onitani.com%2Fde%2Fagbs-fuer-reisen%2F|title:AGB&#8217;s|target:_blank&#8220;][\/vc_column][\/vc_row][vc_row][vc_column][vc_column_text css=&#8220;&#8220;] F\u00fcr PDF, hier&#8230;<\/p>\n","protected":false},"author":1,"featured_media":0,"parent":0,"menu_order":0,"comment_status":"closed","ping_status":"closed","template":"","meta":{"footnotes":""},"class_list":["post-27728","page","type-page","status-publish","hentry"],"_links":{"self":[{"href":"https:\/\/www.onitani.com\/de\/wp-json\/wp\/v2\/pages\/27728","targetHints":{"allow":["GET"]}}],"collection":[{"href":"https:\/\/www.onitani.com\/de\/wp-json\/wp\/v2\/pages"}],"about":[{"href":"https:\/\/www.onitani.com\/de\/wp-json\/wp\/v2\/types\/page"}],"author":[{"embeddable":true,"href":"https:\/\/www.onitani.com\/de\/wp-json\/wp\/v2\/users\/1"}],"replies":[{"embeddable":true,"href":"https:\/\/www.onitani.com\/de\/wp-json\/wp\/v2\/comments?post=27728"}],"version-history":[{"count":29,"href":"https:\/\/www.onitani.com\/de\/wp-json\/wp\/v2\/pages\/27728\/revisions"}],"predecessor-version":[{"id":29252,"href":"https:\/\/www.onitani.com\/de\/wp-json\/wp\/v2\/pages\/27728\/revisions\/29252"}],"wp:attachment":[{"href":"https:\/\/www.onitani.com\/de\/wp-json\/wp\/v2\/media?parent=27728"}],"curies":[{"name":"wp","href":"https:\/\/api.w.org\/{rel}","templated":true}]}}