{"id":28772,"date":"2025-06-09T11:29:40","date_gmt":"2025-06-09T09:29:40","guid":{"rendered":"https:\/\/www.onitani.com\/de\/?page_id=28772"},"modified":"2026-02-07T08:46:11","modified_gmt":"2026-02-07T07:46:11","slug":"seelengesang","status":"publish","type":"page","link":"https:\/\/www.onitani.com\/de\/seelengesang\/","title":{"rendered":"Seelengesang"},"content":{"rendered":"<div class=\"wpb-content-wrapper\"><p>[vc_row][vc_column][vc_message css=&#8220;&#8220;]<\/p>\n<h3><span style=\"color: #003366;\">Erwecke deinen Seelengesang<\/span><\/h3>\n<p>Erlebe einen Tagesworkshop der dein Leben ver\u00e4ndern wird<br \/>\nDer Seelengesang \u00f6ffnet dir ein ganz neues Bewusstsein, wer du in Wirklichkeit bist und wie auch du, in das kosmische Feld eingebunden bist. Es ist mehr als Gesang. Es ist die R\u00fcckverbindung zu deinem Ursprung. An diesem Tag gehen wir in unser Seelenfeld, \u00f6ffnen unser Herz f\u00fcr diese magische Begegnung mit deinem ganzen Sein. Das sch\u00f6ne ist, jeder kann singen. Mit meiner langj\u00e4hrigen Erfahrung als Seelens\u00e4ngerin von ONITANI, f\u00fchre ich dich in das Erinnern deines ganz pers\u00f6nlichen Seelengesangs. Du hast M\u00f6glichkeit mit deinem Seelengesang, Transformation und Befreiung zu erleben. Es ist ein grosser Vertrauensschritt, den du an diesem Tag gehst. Lass dich auf diese Entscheidung ein, dies zu erleben. Bist du bereit f\u00fcr eine Ver\u00e4nderung in deinem Leben, f\u00fcr einen Neustart? Heilung geschieht auf allen Ebenen. Gemeinsam werden wir in dieser Gruppe, in unser kosmisches Vertrauen eintauchen. Ich freue mich sehr auf dich.<\/p>\n<p><strong>Herzlich, deine Bettina<\/strong><\/p>\n<hr \/>\n<p data-sourcepos=\"11:1-11:498\"><img loading=\"lazy\" decoding=\"async\" class=\"aligncenter wp-image-28756 size-large\" src=\"https:\/\/www.onitani.com\/de\/wp-content\/uploads\/2025\/06\/Erwecke-deinen-Seelengesang-Bettina-von-Onitani-Seite-1-1024x727.jpg\" alt=\"\" width=\"900\" height=\"639\" srcset=\"https:\/\/www.onitani.com\/de\/wp-content\/uploads\/2025\/06\/Erwecke-deinen-Seelengesang-Bettina-von-Onitani-Seite-1-1024x727.jpg 1024w, https:\/\/www.onitani.com\/de\/wp-content\/uploads\/2025\/06\/Erwecke-deinen-Seelengesang-Bettina-von-Onitani-Seite-1-300x213.jpg 300w, https:\/\/www.onitani.com\/de\/wp-content\/uploads\/2025\/06\/Erwecke-deinen-Seelengesang-Bettina-von-Onitani-Seite-1-768x546.jpg 768w, https:\/\/www.onitani.com\/de\/wp-content\/uploads\/2025\/06\/Erwecke-deinen-Seelengesang-Bettina-von-Onitani-Seite-1-400x284.jpg 400w, https:\/\/www.onitani.com\/de\/wp-content\/uploads\/2025\/06\/Erwecke-deinen-Seelengesang-Bettina-von-Onitani-Seite-1.jpg 1264w\" sizes=\"auto, (max-width: 900px) 100vw, 900px\" \/><\/p>\n<p>[\/vc_message][vc_message css=&#8220;&#8220;]<\/p>\n<h2 data-sourcepos=\"5:1-5:57\"><span style=\"color: #000080;\">TERMINE<\/span><\/h2>\n<ul>\n<li data-sourcepos=\"7:1-7:402\"><strong>14.03.26 Studio ONITANI &#8211; Burg\u00e4schi (ausgebucht)<\/strong><\/li>\n<li data-sourcepos=\"7:1-7:402\"><strong><a href=\"https:\/\/www.onitani.com\/de\/produkt\/workshop-seelengesang-mit-bettina-290826\/\" target=\"_blank\" rel=\"noopener\">29.08.26 Studio ONITANI &#8211; Burg\u00e4schi<\/a><\/strong><\/li>\n<\/ul>\n<hr>\n<p>[\/vc_message][\/vc_column][\/vc_row][vc_row][vc_column][\/vc_column][\/vc_row]<\/p>\n<\/div>","protected":false},"excerpt":{"rendered":"<p>[vc_row][vc_column][vc_message css=&#8220;&#8220;] Erwecke deinen Seelengesang Erlebe einen Tagesworkshop der dein Leben ver\u00e4ndern wird Der Seelengesang \u00f6ffnet dir ein ganz neues Bewusstsein, wer du in Wirklichkeit bist und wie auch du, in das kosmische Feld eingebunden bist. Es ist mehr als&#8230;<\/p>\n","protected":false},"author":1,"featured_media":0,"parent":0,"menu_order":0,"comment_status":"closed","ping_status":"closed","template":"","meta":{"footnotes":""},"class_list":["post-28772","page","type-page","status-publish","hentry"],"_links":{"self":[{"href":"https:\/\/www.onitani.com\/de\/wp-json\/wp\/v2\/pages\/28772","targetHints":{"allow":["GET"]}}],"collection":[{"href":"https:\/\/www.onitani.com\/de\/wp-json\/wp\/v2\/pages"}],"about":[{"href":"https:\/\/www.onitani.com\/de\/wp-json\/wp\/v2\/types\/page"}],"author":[{"embeddable":true,"href":"https:\/\/www.onitani.com\/de\/wp-json\/wp\/v2\/users\/1"}],"replies":[{"embeddable":true,"href":"https:\/\/www.onitani.com\/de\/wp-json\/wp\/v2\/comments?post=28772"}],"version-history":[{"count":9,"href":"https:\/\/www.onitani.com\/de\/wp-json\/wp\/v2\/pages\/28772\/revisions"}],"predecessor-version":[{"id":29598,"href":"https:\/\/www.onitani.com\/de\/wp-json\/wp\/v2\/pages\/28772\/revisions\/29598"}],"wp:attachment":[{"href":"https:\/\/www.onitani.com\/de\/wp-json\/wp\/v2\/media?parent=28772"}],"curies":[{"name":"wp","href":"https:\/\/api.w.org\/{rel}","templated":true}]}}