{"id":29522,"date":"2026-02-02T14:41:37","date_gmt":"2026-02-02T13:41:37","guid":{"rendered":"https:\/\/www.onitani.com\/de\/?page_id=29522"},"modified":"2026-02-07T22:30:55","modified_gmt":"2026-02-07T21:30:55","slug":"aegypten-2027-persoenlich","status":"publish","type":"page","link":"https:\/\/www.onitani.com\/de\/aegypten-2027-persoenlich\/","title":{"rendered":"\u00c4gypten 2027 pers\u00f6nlich"},"content":{"rendered":"<div class=\"wpb-content-wrapper\"><p>[vc_row][vc_column][vc_btn title=&#8220;ZUR\u00dcCK&#8220; color=&#8220;white&#8220; align=&#8220;center&#8220; i_icon_fontawesome=&#8220;fa fa-solid fa-circle-arrow-left&#8220; css=&#8220;&#8220; add_icon=&#8220;true&#8220; link=&#8220;url:https%3A%2F%2Fwww.onitani.com%2Fde%2Faegypten-nil-reise-2027%2F|target:_blank&#8220;][\/vc_column][\/vc_row][vc_row][vc_column width=&#8220;1\/2&#8243;][vc_message message_box_color=&#8220;white&#8220; css=&#8220;&#8220;]<img loading=\"lazy\" decoding=\"async\" class=\"aligncenter wp-image-29553\" src=\"https:\/\/www.onitani.com\/de\/wp-content\/uploads\/2026\/02\/bettina-300x300.jpg\" alt=\"\" width=\"270\" height=\"270\" srcset=\"https:\/\/www.onitani.com\/de\/wp-content\/uploads\/2026\/02\/bettina-300x300.jpg 300w, https:\/\/www.onitani.com\/de\/wp-content\/uploads\/2026\/02\/bettina-1024x1024.jpg 1024w, https:\/\/www.onitani.com\/de\/wp-content\/uploads\/2026\/02\/bettina-150x150.jpg 150w, https:\/\/www.onitani.com\/de\/wp-content\/uploads\/2026\/02\/bettina-768x768.jpg 768w, https:\/\/www.onitani.com\/de\/wp-content\/uploads\/2026\/02\/bettina-1536x1536.jpg 1536w, https:\/\/www.onitani.com\/de\/wp-content\/uploads\/2026\/02\/bettina-250x250.jpg 250w, https:\/\/www.onitani.com\/de\/wp-content\/uploads\/2026\/02\/bettina-400x400.jpg 400w, https:\/\/www.onitani.com\/de\/wp-content\/uploads\/2026\/02\/bettina-100x100.jpg 100w, https:\/\/www.onitani.com\/de\/wp-content\/uploads\/2026\/02\/bettina.jpg 1564w\" sizes=\"auto, (max-width: 270px) 100vw, 270px\" \/><\/p>\n<p style=\"text-align: center;\">BETTINA ALMA VON ONITANI<\/p>\n<p>Meine erste \u00c4gyptenreise <strong>2015<\/strong> entfachte eine Liebe zu diesem Land, die mich bis heute begleitet. <strong>Seit 2018<\/strong> organisiere ich eigene \u00c4gyptenreisen sowie Delfin- und Walreisen, Nordlichter-Abenteuer und Avalon-Reisen in England und Frankreich. Jede Reise schenkt mir Leichtigkeit, Heimkommen und die M\u00f6glichkeit, durch Seelengesang und mediale Arbeit zu wirken. <strong>2026<\/strong> stehen besondere Reisen mit Walen und Delfinen an, f\u00fcr <strong>2027<\/strong> ist eine weitere \u00c4gypten-Reise geplant. Ich freue mich auf alle, die den Ruf h\u00f6ren, mit <strong>Soul-Journey<\/strong> zu reisen.<\/p>\n<hr>\n<p><span style=\"color: #000000;\"><strong><a style=\"color: #000000;\" href=\"https:\/\/www.onitani.com\/de\/bettinas-praxis\/\" target=\"_blank\" rel=\"noopener\">www.onitani.com\/de\/bettina\/<\/a><\/strong><\/span>[\/vc_message][\/vc_column][vc_column width=&#8220;1\/2&#8243;][vc_message message_box_color=&#8220;white&#8220; css=&#8220;&#8220;]<img loading=\"lazy\" decoding=\"async\" class=\"size-full wp-image-17105 aligncenter\" src=\"https:\/\/www.onitani.com\/de\/wp-content\/uploads\/2021\/12\/daniela_christina_planzer.jpg\" alt=\"\" width=\"293\" height=\"264\"><\/p>\n<p style=\"text-align: center;\">DANIELA CHRISTINA PLANZER<\/p>\n<p>Zahlreiche Reisen haben mich bereits in rund 50 L\u00e4nder dieser Erde gef\u00fchrt. Meine Seele liebt es, sowohl irdische als auch kosmische Reisen zu begleiten, deshalb bin ich Tourismusfachfrau HF und zugleich Kinesiologin sowie Lichtarbeiterin. Besonders das Reisen zu den Mysterien-Pl\u00e4tzen und Kraftorten der Erde ist f\u00fcr mich pure Seelennahrung. In dieser BESONDEREN \u00c4gypten-Reise wird mein pers\u00f6nliches Highlight der geheimnisvolle Lichttempel von ABYDOS sein. Ich kann es kaum erwarten, bis wir gemeinsam ins hochschwingende Osireion eintreten k\u00f6nnen. Menschen in ihrem Erwachens- und Aufstiegsprozess zu begleiten, ist meine Seelenberufung und erf\u00fcllt mich mit tiefer Demut und Dankbarkeit.&nbsp;Von Herzen freue ich mich, gemeinsam mit Bettina und unserem \u00e4gyptischen Reisef\u00fchrer viele Herzmenschen auf dieser LICHTREISE zu begleiten. In Liebe Daniela Christina<\/p>\n<hr>\n<p><strong><span style=\"color: #000000;\"><a style=\"color: #000000;\" href=\"http:\/\/www.lichtheilarbeit.ch\" target=\"_blank\" rel=\"noopener\">www.lichtheilarbeit.ch<\/a><\/span><\/strong>[\/vc_message][\/vc_column][\/vc_row]<\/p>\n<\/div>","protected":false},"excerpt":{"rendered":"<p>[vc_row][vc_column][vc_btn title=&#8220;ZUR\u00dcCK&#8220; color=&#8220;white&#8220; align=&#8220;center&#8220; i_icon_fontawesome=&#8220;fa fa-solid fa-circle-arrow-left&#8220; css=&#8220;&#8220; add_icon=&#8220;true&#8220; link=&#8220;url:https%3A%2F%2Fwww.onitani.com%2Fde%2Faegypten-nil-reise-2027%2F|target:_blank&#8220;][\/vc_column][\/vc_row][vc_row][vc_column width=&#8220;1\/2&#8243;][vc_message message_box_color=&#8220;white&#8220; css=&#8220;&#8220;] BETTINA ALMA VON ONITANI Meine erste \u00c4gyptenreise 2015 entfachte eine Liebe zu diesem Land, die mich bis heute begleitet. Seit 2018 organisiere ich eigene \u00c4gyptenreisen sowie Delfin-&#8230;<\/p>\n","protected":false},"author":1,"featured_media":0,"parent":0,"menu_order":0,"comment_status":"closed","ping_status":"closed","template":"","meta":{"footnotes":""},"class_list":["post-29522","page","type-page","status-publish","hentry"],"_links":{"self":[{"href":"https:\/\/www.onitani.com\/de\/wp-json\/wp\/v2\/pages\/29522","targetHints":{"allow":["GET"]}}],"collection":[{"href":"https:\/\/www.onitani.com\/de\/wp-json\/wp\/v2\/pages"}],"about":[{"href":"https:\/\/www.onitani.com\/de\/wp-json\/wp\/v2\/types\/page"}],"author":[{"embeddable":true,"href":"https:\/\/www.onitani.com\/de\/wp-json\/wp\/v2\/users\/1"}],"replies":[{"embeddable":true,"href":"https:\/\/www.onitani.com\/de\/wp-json\/wp\/v2\/comments?post=29522"}],"version-history":[{"count":7,"href":"https:\/\/www.onitani.com\/de\/wp-json\/wp\/v2\/pages\/29522\/revisions"}],"predecessor-version":[{"id":29599,"href":"https:\/\/www.onitani.com\/de\/wp-json\/wp\/v2\/pages\/29522\/revisions\/29599"}],"wp:attachment":[{"href":"https:\/\/www.onitani.com\/de\/wp-json\/wp\/v2\/media?parent=29522"}],"curies":[{"name":"wp","href":"https:\/\/api.w.org\/{rel}","templated":true}]}}