{"id":29656,"date":"2026-03-04T21:14:36","date_gmt":"2026-03-04T20:14:36","guid":{"rendered":"https:\/\/www.onitani.com\/de\/?page_id=29656"},"modified":"2026-03-04T21:26:28","modified_gmt":"2026-03-04T20:26:28","slug":"anmeldung-delfinreise-mai-27","status":"publish","type":"page","link":"https:\/\/www.onitani.com\/de\/anmeldung-delfinreise-mai-27\/","title":{"rendered":"Anmeldung Delfinreise Mai 2027"},"content":{"rendered":"<div class=\"wpforms-container wpforms-container-full\" id=\"wpforms-29650\"><form id=\"wpforms-form-29650\" class=\"wpforms-validate wpforms-form\" data-formid=\"29650\" method=\"post\" enctype=\"multipart\/form-data\" action=\"\/de\/wp-json\/wp\/v2\/pages\/29656\" data-token=\"ca8cd25cef40b22cb01864892f2f4f3e\" data-token-time=\"1776765874\"><noscript class=\"wpforms-error-noscript\">Bitte aktiviere JavaScript in deinem Browser, um dieses Formular fertigzustellen.<\/noscript><div class=\"wpforms-field-container\"><div id=\"wpforms-29650-field_18-container\" class=\"wpforms-field wpforms-field-select wpforms-field-select-style-classic\" data-field-id=\"18\"><label class=\"wpforms-field-label\" for=\"wpforms-29650-field_18\">Ich melde mich definitiv f\u00fcr die Reise an:<\/label><select id=\"wpforms-29650-field_18\" class=\"wpforms-field-medium\" name=\"wpforms[fields][18]\"><option value=\"\u00c4GYPTEN Delfin-Reise  |  08.-15.05.27  |  Hurghada |  mit Bettina &amp; Susanne\"  class=\"choice-8 depth-1\"  >\u00c4GYPTEN Delfin-Reise  |  08.-15.05.27  |  Hurghada |  mit Bettina &amp; Susanne<\/option><\/select><\/div><div id=\"wpforms-29650-field_53-container\" class=\"wpforms-field wpforms-field-radio wpforms-list-inline\" data-field-id=\"53\"><label class=\"wpforms-field-label\">Bett im Doppelzimmer | 90x200 (pro Person) <\/label><ul id=\"wpforms-29650-field_53\" class=\"wpforms-image-choices wpforms-image-choices-modern\"><li class=\"choice-4 depth-1 wpforms-image-choices-item\"><label class=\"wpforms-field-label-inline\" for=\"wpforms-29650-field_53_4\" tabindex=\"0\"><span class=\"wpforms-image-choices-image\"><img decoding=\"async\" src=\"https:\/\/www.onitani.com\/de\/wp-content\/uploads\/2025\/04\/Doppelzimmer-1.jpg\" alt=\"Fr\u00fchbucherpreis bis 30.11.26 = CHF 2&#039;590.00\" title=\"Fr\u00fchbucherpreis bis 30.11.26 = CHF 2&#039;590.00\"><\/span><input type=\"radio\" id=\"wpforms-29650-field_53_4\" class=\"wpforms-screen-reader-element\" name=\"wpforms[fields][53]\" value=\"Fr\u00fchbucherpreis bis 30.11.26 = CHF 2&#039;590.00\" tabindex=\"-1\"  ><span class=\"wpforms-image-choices-label\">Fr\u00fchbucherpreis bis 30.11.26 = CHF 2'590.00<\/span><\/label><\/li><\/ul><div class=\"wpforms-field-description\">F\u00fcr Buchung, bitte Bild anklicken.<\/div><\/div><div id=\"wpforms-29650-field_61-container\" class=\"wpforms-field wpforms-field-radio wpforms-list-inline\" data-field-id=\"61\"><label class=\"wpforms-field-label\">Suite mit Doppelbett | 160x200 (pro Person) <\/label><ul id=\"wpforms-29650-field_61\" class=\"wpforms-image-choices wpforms-image-choices-modern\"><li class=\"choice-4 depth-1 wpforms-image-choices-item\"><label class=\"wpforms-field-label-inline\" for=\"wpforms-29650-field_61_4\" tabindex=\"0\"><span class=\"wpforms-image-choices-image\"><img decoding=\"async\" src=\"https:\/\/www.onitani.com\/de\/wp-content\/uploads\/2026\/03\/Suite-1.jpg\" alt=\"Fr\u00fchbucherpreis bis 30.11.26 = CHF 2&#039;800.00\" title=\"Fr\u00fchbucherpreis bis 30.11.26 = CHF 2&#039;800.00\"><\/span><input type=\"radio\" id=\"wpforms-29650-field_61_4\" class=\"wpforms-screen-reader-element\" name=\"wpforms[fields][61]\" value=\"Fr\u00fchbucherpreis bis 30.11.26 = CHF 2&#039;800.00\" tabindex=\"-1\"  ><span class=\"wpforms-image-choices-label\">Fr\u00fchbucherpreis bis 30.11.26 = CHF 2'800.00<\/span><\/label><\/li><\/ul><div class=\"wpforms-field-description\">F\u00fcr Buchung, bitte Bild anklicken.<\/div><\/div><div id=\"wpforms-29650-field_62-container\" class=\"wpforms-field wpforms-field-radio wpforms-list-inline\" data-field-id=\"62\"><label class=\"wpforms-field-label\">Einzelzimmer | 140x200<\/label><ul id=\"wpforms-29650-field_62\" class=\"wpforms-image-choices wpforms-image-choices-modern\"><li class=\"choice-4 depth-1 wpforms-image-choices-item\"><label class=\"wpforms-field-label-inline\" for=\"wpforms-29650-field_62_4\" tabindex=\"0\"><span class=\"wpforms-image-choices-image\"><img decoding=\"async\" src=\"https:\/\/www.onitani.com\/de\/wp-content\/uploads\/2025\/04\/Einzelzimmer-1-1.jpg\" alt=\"Fr\u00fchbucherpreis bis 30.11.26 = CHF 3&#039;340.00\" title=\"Fr\u00fchbucherpreis bis 30.11.26 = CHF 3&#039;340.00\"><\/span><input type=\"radio\" id=\"wpforms-29650-field_62_4\" class=\"wpforms-screen-reader-element\" name=\"wpforms[fields][62]\" value=\"Fr\u00fchbucherpreis bis 30.11.26 = CHF 3&#039;340.00\" tabindex=\"-1\"  ><span class=\"wpforms-image-choices-label\">Fr\u00fchbucherpreis bis 30.11.26 = CHF 3'340.00<\/span><\/label><\/li><\/ul><div class=\"wpforms-field-description\">F\u00fcr Buchung, bitte Bild anklicken.<\/div><\/div><div id=\"wpforms-29650-field_25-container\" class=\"wpforms-field wpforms-field-text\" data-field-id=\"25\"><label class=\"wpforms-field-label\" for=\"wpforms-29650-field_25\">Vorname <span class=\"wpforms-required-label\">*<\/span><\/label><input type=\"text\" id=\"wpforms-29650-field_25\" class=\"wpforms-field-medium wpforms-field-required\" name=\"wpforms[fields][25]\" placeholder=\"Vorname (wie im Reisepass)\" required><\/div><div id=\"wpforms-29650-field_26-container\" class=\"wpforms-field wpforms-field-text\" data-field-id=\"26\"><label class=\"wpforms-field-label\" for=\"wpforms-29650-field_26\">Name <span class=\"wpforms-required-label\">*<\/span><\/label><input type=\"text\" id=\"wpforms-29650-field_26\" class=\"wpforms-field-medium wpforms-field-required\" name=\"wpforms[fields][26]\" placeholder=\"Name (wie im Reisepass)\" required><\/div><div id=\"wpforms-29650-field_27-container\" class=\"wpforms-field wpforms-field-text\" data-field-id=\"27\"><label class=\"wpforms-field-label\" for=\"wpforms-29650-field_27\">Adresse - Nr. <span class=\"wpforms-required-label\">*<\/span><\/label><input type=\"text\" id=\"wpforms-29650-field_27\" class=\"wpforms-field-medium wpforms-field-required\" name=\"wpforms[fields][27]\" placeholder=\"Adresse - Nr.\" required><\/div><div id=\"wpforms-29650-field_32-container\" class=\"wpforms-field wpforms-field-text\" data-field-id=\"32\"><label class=\"wpforms-field-label\" for=\"wpforms-29650-field_32\">Postleitzahl <span class=\"wpforms-required-label\">*<\/span><\/label><input type=\"text\" id=\"wpforms-29650-field_32\" class=\"wpforms-field-medium wpforms-field-required\" name=\"wpforms[fields][32]\" placeholder=\"Postleitzahl\" required><\/div><div id=\"wpforms-29650-field_31-container\" class=\"wpforms-field wpforms-field-text\" data-field-id=\"31\"><label class=\"wpforms-field-label\" for=\"wpforms-29650-field_31\">Ort <span class=\"wpforms-required-label\">*<\/span><\/label><input type=\"text\" id=\"wpforms-29650-field_31\" class=\"wpforms-field-medium wpforms-field-required\" name=\"wpforms[fields][31]\" placeholder=\"Ort\" required><\/div><div id=\"wpforms-29650-field_30-container\" class=\"wpforms-field wpforms-field-text\" data-field-id=\"30\"><label class=\"wpforms-field-label\" for=\"wpforms-29650-field_30\">E-Mail-Adresse <span class=\"wpforms-required-label\">*<\/span><\/label><input type=\"text\" id=\"wpforms-29650-field_30\" class=\"wpforms-field-medium wpforms-field-required\" name=\"wpforms[fields][30]\" placeholder=\"E-Mail-Adresse\" required><\/div><div id=\"wpforms-29650-field_29-container\" class=\"wpforms-field wpforms-field-text\" data-field-id=\"29\"><label class=\"wpforms-field-label\" for=\"wpforms-29650-field_29\">Handy <span class=\"wpforms-required-label\">*<\/span><\/label><input type=\"text\" id=\"wpforms-29650-field_29\" class=\"wpforms-field-medium wpforms-field-required\" name=\"wpforms[fields][29]\" placeholder=\"Handy\" required><\/div><div id=\"wpforms-29650-field_28-container\" class=\"wpforms-field wpforms-field-text\" data-field-id=\"28\"><label class=\"wpforms-field-label\" for=\"wpforms-29650-field_28\">Geburtstag <span class=\"wpforms-required-label\">*<\/span><\/label><input type=\"text\" id=\"wpforms-29650-field_28\" class=\"wpforms-field-medium wpforms-field-required\" name=\"wpforms[fields][28]\" placeholder=\"Geburtstag\" required><\/div><div id=\"wpforms-29650-field_3-container\" class=\"wpforms-field wpforms-field-textarea\" data-field-id=\"3\"><label class=\"wpforms-field-label\" for=\"wpforms-29650-field_3\">Mitteilung<\/label><textarea id=\"wpforms-29650-field_3\" class=\"wpforms-field-medium\" name=\"wpforms[fields][3]\" ><\/textarea><\/div><div id=\"wpforms-29650-field_12-container\" class=\"wpforms-field wpforms-field-checkbox\" data-field-id=\"12\"><label class=\"wpforms-field-label\">Wie habe ich euch gefunden <span class=\"wpforms-required-label\">*<\/span><\/label><ul id=\"wpforms-29650-field_12\" class=\"wpforms-field-required\"><li class=\"choice-1 depth-1\"><input type=\"checkbox\" id=\"wpforms-29650-field_12_1\" name=\"wpforms[fields][12][]\" value=\"war schon mal dabei\" required ><label class=\"wpforms-field-label-inline\" for=\"wpforms-29650-field_12_1\">war schon mal dabei<\/label><\/li><li class=\"choice-2 depth-1\"><input type=\"checkbox\" id=\"wpforms-29650-field_12_2\" name=\"wpforms[fields][12][]\" value=\"Empfehlung\" required ><label class=\"wpforms-field-label-inline\" for=\"wpforms-29650-field_12_2\">Empfehlung<\/label><\/li><li class=\"choice-3 depth-1\"><input type=\"checkbox\" id=\"wpforms-29650-field_12_3\" name=\"wpforms[fields][12][]\" value=\"Internet\" required ><label class=\"wpforms-field-label-inline\" for=\"wpforms-29650-field_12_3\">Internet<\/label><\/li><li class=\"choice-4 depth-1\"><input type=\"checkbox\" id=\"wpforms-29650-field_12_4\" name=\"wpforms[fields][12][]\" value=\"Social Media\" required ><label class=\"wpforms-field-label-inline\" for=\"wpforms-29650-field_12_4\">Social Media<\/label><\/li><li class=\"choice-5 depth-1\"><input type=\"checkbox\" id=\"wpforms-29650-field_12_5\" name=\"wpforms[fields][12][]\" value=\"YouTube\" required ><label class=\"wpforms-field-label-inline\" for=\"wpforms-29650-field_12_5\">YouTube<\/label><\/li><li class=\"choice-6 depth-1\"><input type=\"checkbox\" id=\"wpforms-29650-field_12_6\" name=\"wpforms[fields][12][]\" value=\"Konzert \" required ><label class=\"wpforms-field-label-inline\" for=\"wpforms-29650-field_12_6\">Konzert<\/label><\/li><li class=\"choice-14 depth-1\"><input type=\"checkbox\" id=\"wpforms-29650-field_12_14\" name=\"wpforms[fields][12][]\" value=\"Bettina\" required ><label class=\"wpforms-field-label-inline\" for=\"wpforms-29650-field_12_14\">Bettina<\/label><\/li><li class=\"choice-15 depth-1\"><input type=\"checkbox\" id=\"wpforms-29650-field_12_15\" name=\"wpforms[fields][12][]\" value=\"Susanne\" required ><label class=\"wpforms-field-label-inline\" for=\"wpforms-29650-field_12_15\">Susanne<\/label><\/li><\/ul><\/div><div id=\"wpforms-29650-field_13-container\" class=\"wpforms-field wpforms-field-checkbox\" data-field-id=\"13\"><label class=\"wpforms-field-label\">AGB&#039;s  <span class=\"wpforms-required-label\">*<\/span><\/label><ul id=\"wpforms-29650-field_13\" class=\"wpforms-field-required\"><li class=\"choice-1 depth-1\"><input type=\"checkbox\" id=\"wpforms-29650-field_13_1\" name=\"wpforms[fields][13][]\" value=\"Habe AGB&#039;s gelesen\" required ><label class=\"wpforms-field-label-inline\" for=\"wpforms-29650-field_13_1\">Habe AGB's gelesen<\/label><\/li><\/ul><\/div><\/div><!-- .wpforms-field-container --><div class=\"wpforms-submit-container\" ><input type=\"hidden\" name=\"wpforms[id]\" value=\"29650\"><input type=\"hidden\" name=\"page_title\" value=\"\"><input type=\"hidden\" name=\"page_url\" value=\"https:\/\/www.onitani.com\/de\/wp-json\/wp\/v2\/pages\/29656\"><input type=\"hidden\" name=\"url_referer\" value=\"\"><button type=\"submit\" name=\"wpforms[submit]\" id=\"wpforms-submit-29650\" class=\"wpforms-submit\" aria-live=\"assertive\" value=\"wpforms-submit\">Absenden<\/button><\/div><\/form><\/div>  <!-- .wpforms-container -->\n","protected":false},"excerpt":{"rendered":"Bitte aktiviere JavaScript in deinem Browser, um dieses Formular fertigzustellen.Ich melde mich definitiv f\u00fcr die Reise an:\u00c4GYPTEN Delfin-Reise | 08.-15.05.27 | Hurghada | mit Bettina &amp; SusanneBett im Doppelzimmer | 90x200 (pro Person) Fr\u00fchbucherpreis bis 30.11.26 = CHF 2'590.00F\u00fcr Buchung,...","protected":false},"author":1,"featured_media":0,"parent":0,"menu_order":0,"comment_status":"closed","ping_status":"closed","template":"","meta":{"footnotes":""},"class_list":["post-29656","page","type-page","status-publish","hentry"],"_links":{"self":[{"href":"https:\/\/www.onitani.com\/de\/wp-json\/wp\/v2\/pages\/29656","targetHints":{"allow":["GET"]}}],"collection":[{"href":"https:\/\/www.onitani.com\/de\/wp-json\/wp\/v2\/pages"}],"about":[{"href":"https:\/\/www.onitani.com\/de\/wp-json\/wp\/v2\/types\/page"}],"author":[{"embeddable":true,"href":"https:\/\/www.onitani.com\/de\/wp-json\/wp\/v2\/users\/1"}],"replies":[{"embeddable":true,"href":"https:\/\/www.onitani.com\/de\/wp-json\/wp\/v2\/comments?post=29656"}],"version-history":[{"count":4,"href":"https:\/\/www.onitani.com\/de\/wp-json\/wp\/v2\/pages\/29656\/revisions"}],"predecessor-version":[{"id":29664,"href":"https:\/\/www.onitani.com\/de\/wp-json\/wp\/v2\/pages\/29656\/revisions\/29664"}],"wp:attachment":[{"href":"https:\/\/www.onitani.com\/de\/wp-json\/wp\/v2\/media?parent=29656"}],"curies":[{"name":"wp","href":"https:\/\/api.w.org\/{rel}","templated":true}]}}