{"id":16478,"date":"2021-10-05T12:19:57","date_gmt":"2021-10-05T10:19:57","guid":{"rendered":"https:\/\/www.onitani.com\/de\/?post_type=product&#038;p=16478"},"modified":"2024-12-11T09:48:40","modified_gmt":"2024-12-11T08:48:40","slug":"heilung-im-schlaf","status":"publish","type":"product","link":"https:\/\/www.onitani.com\/de\/produkt\/heilung-im-schlaf\/","title":{"rendered":"Heilung im Schlaf traumhaft"},"content":{"rendered":"<p><em><strong>Traumhafte Schwingungen f\u00fcr mehr Heilung, Harmonie und Entspannung.<\/strong><\/em><\/p>\n<p>Einf\u00fchlsam gef\u00fchrte Meditation von Elena Martin, umh\u00fcllt von der ber\u00fchrenden Seelen-Musik von ONITANI, aufgeladen mit heilenden Energie-Programmen von Alexander Kalen. H\u00f6ren Sie diese heilende Meditation mit lichtvollen Frequenzen zur friedlichen Entspannung, leichterem Einschlafen oder harmonischem Tagesausklang an und tauchen Sie in die Welt der Ruhe und Gelassenheit ein.<\/p>\n<hr \/>\n<p><strong>Bettina und Tino Mosca-Sch\u00fctz<\/strong>, bekannt als ONITANI, wohnen in der Schweiz und lernten sich vor Jahren im Chor kennen. Seither schafft das K\u00fcnstlerpaar mit Gesang, Synthesizer und Erdklangfl\u00f6ten eine Musik,<img loading=\"lazy\" decoding=\"async\" class=\"alignright wp-image-21924 size-thumbnail\" src=\"https:\/\/www.onitani.com\/de\/wp-content\/uploads\/2022\/12\/bettina_tino4jpg-150x150.jpg\" alt=\"\" width=\"150\" height=\"150\" srcset=\"https:\/\/www.onitani.com\/de\/wp-content\/uploads\/2022\/12\/bettina_tino4jpg-150x150.jpg 150w, https:\/\/www.onitani.com\/de\/wp-content\/uploads\/2022\/12\/bettina_tino4jpg-250x250.jpg 250w, https:\/\/www.onitani.com\/de\/wp-content\/uploads\/2022\/12\/bettina_tino4jpg-100x100.jpg 100w\" sizes=\"auto, (max-width: 150px) 100vw, 150px\" \/> die aus dem Moment heraus geboren ist. Auf ihren Konzerten verbinden sie sich mit den Seelen der Anwesenden und lassen aus dieser Vereinigung ber\u00fchrende Kl\u00e4nge entstehen.<\/p>\n<p>Homepage:\u00a0<a href=\"https:\/\/www.onitani.com\/\" target=\"_blank\" rel=\"nofollow noopener\">https:\/\/www.onitani.com<\/a><\/p>\n<p>&nbsp;<\/p>\n<hr \/>\n<p><span style=\"font-size: 12pt;\"><strong><img loading=\"lazy\" decoding=\"async\" class=\"alignright wp-image-17887 size-full\" src=\"https:\/\/www.onitani.com\/de\/wp-content\/uploads\/2021\/10\/alexander_kalen.jpg\" alt=\"\" width=\"150\" height=\"150\" srcset=\"https:\/\/www.onitani.com\/de\/wp-content\/uploads\/2021\/10\/alexander_kalen.jpg 150w, https:\/\/www.onitani.com\/de\/wp-content\/uploads\/2021\/10\/alexander_kalen-100x100.jpg 100w\" sizes=\"auto, (max-width: 150px) 100vw, 150px\" \/><a style=\"color: #cc99ff;\" href=\"https:\/\/orania-zentrum.de\/veranstalter\/alexander-kalenjuk\/\" target=\"_blank\" rel=\"noopener\">Alexander Kalen<\/a><\/strong><\/span><br \/>\n<strong>Bewusstseinsforscher, Heilmedium, Lehrer<\/strong><br \/>\nEin Mensch mit erweitertem Bewusstsein \u2013 ein Wissenschaftler, begnadeter Heiler, spiritueller Lehrer und innovativer Entwickler. Er ist ein Experte auf Romano-Germanischem Gebiet, Sprachen-Forscher und Entwickler von bewusstseinserweiternden SVETL\u00ae-Technologien. Seit 2008 arbeitet Alexander mit mehreren Instituten f\u00fcr alternative Wissenschaftsbereiche und moderne Technologien und untersucht zusammen mit anderen Forschern auf den Gebieten:<br \/>\n\u2013 Aktivierung von inneren Menschen-Reserven und -Talenten<br \/>\n\u2013 Innovative Gesundheitsmethoden<br \/>\n\u2013 Entwicklungsm\u00f6glichkeiten von menschlichem Gehirn<br \/>\n\u2013 Metaphysik, erneuerbare Energien und Technologien<br \/>\n\u2013 Programme zum Schutz von Kindern, Erwachsenen, Tieren und Pflanzen<\/p>\n<hr \/>\n<p><span style=\"font-size: 12pt;\"><strong><img loading=\"lazy\" decoding=\"async\" class=\"alignright wp-image-17888\" src=\"https:\/\/www.onitani.com\/de\/wp-content\/uploads\/2021\/10\/elena_martin.jpg\" alt=\"\" width=\"150\" height=\"150\" srcset=\"https:\/\/www.onitani.com\/de\/wp-content\/uploads\/2021\/10\/elena_martin.jpg 140w, https:\/\/www.onitani.com\/de\/wp-content\/uploads\/2021\/10\/elena_martin-100x100.jpg 100w\" sizes=\"auto, (max-width: 150px) 100vw, 150px\" \/><a style=\"color: #cc99ff;\" href=\"https:\/\/orania-zentrum.de\/\" target=\"_blank\" rel=\"noopener\">Elena Martin<\/a><\/strong><\/span><br \/>\n<span style=\"font-size: 12pt;\"><strong>Spirituelle Lehrerin &amp; mediale Psychologin<\/strong><br \/>\nGr\u00fcnderin und Leiterin des Orania-Zentrums \u2013 eines Gesundheits- und Fortbildungszentrums in W\u00fcrzburg. Seit \u00fcber 20 Jahren unterrichtet sie Spiritualit\u00e4t, moderne Psychologie und Selbstfindung \u2013 die Methoden der Neuen Zeit, um Pr\u00e4senz und Erwachen zu erm\u00f6glichen und sein eigener Heiler zu werden, um ein erf\u00fclltes Leben f\u00fchren zu k\u00f6nnen und sich als Pers\u00f6nlichkeit zu entfalten. Ihre Mission ist, den Menschen die Augen und Herz f\u00fcr sich selbst zu \u00f6ffnen und die Transformation des Bewusstseins durch Integration von K\u00f6rper, Geist und Seele zu f\u00f6rdern.<\/span><\/p>\n<p><strong>Alexander und Elena<\/strong> geben mit ihren Workshops, Heiler-Ausbildung, Seminaren, Studien-Reisen, YouTube- &amp; Telegram-Auftritten klar und verst\u00e4ndlich, vielseitig und seelenvoll die Zeitgeist-Informationen weiter, zeigt den Menschen die M\u00f6glichkeiten und Ressourcen zur Selbstverwirklichung und bieten eine reichhaltige Werkzeugkiste, um gesund, gl\u00fccklich und erfolgreich zu sein.<\/p>\n<hr \/>\n<p>&nbsp;<\/p>\n","protected":false},"excerpt":{"rendered":"<p><strong>Meditation mit heilenden Frequenzen &amp; Musik<\/strong><\/p>\n<ul>\n<li>Gesprochen: Elena Martin<\/li>\n<li>Aufgeladen: Alexander Kalen<\/li>\n<li>Musik &amp; Gesang: ONITANI[audio mp3=\"https:\/\/www.onitani.com\/de\/wp-content\/uploads\/2021\/10\/hp_elena.mp3\"][\/audio]\n<p><span style=\"color: #cc99ff;\">\u25b6 Download (keine CD) \u25c0<\/span><\/li>\n<\/ul>\n<p>&nbsp;<\/p>\n","protected":false},"featured_media":27885,"comment_status":"open","ping_status":"closed","template":"","meta":[],"product_brand":[],"product_cat":[96],"product_tag":[],"class_list":{"0":"post-16478","1":"product","2":"type-product","3":"status-publish","4":"has-post-thumbnail","6":"product_cat-onitani-seelen-musik","8":"first","9":"instock","10":"downloadable","11":"virtual","12":"taxable","13":"purchasable","14":"product-type-simple"},"_links":{"self":[{"href":"https:\/\/www.onitani.com\/de\/wp-json\/wp\/v2\/product\/16478","targetHints":{"allow":["GET"]}}],"collection":[{"href":"https:\/\/www.onitani.com\/de\/wp-json\/wp\/v2\/product"}],"about":[{"href":"https:\/\/www.onitani.com\/de\/wp-json\/wp\/v2\/types\/product"}],"replies":[{"embeddable":true,"href":"https:\/\/www.onitani.com\/de\/wp-json\/wp\/v2\/comments?post=16478"}],"wp:featuredmedia":[{"embeddable":true,"href":"https:\/\/www.onitani.com\/de\/wp-json\/wp\/v2\/media\/27885"}],"wp:attachment":[{"href":"https:\/\/www.onitani.com\/de\/wp-json\/wp\/v2\/media?parent=16478"}],"wp:term":[{"taxonomy":"product_brand","embeddable":true,"href":"https:\/\/www.onitani.com\/de\/wp-json\/wp\/v2\/product_brand?post=16478"},{"taxonomy":"product_cat","embeddable":true,"href":"https:\/\/www.onitani.com\/de\/wp-json\/wp\/v2\/product_cat?post=16478"},{"taxonomy":"product_tag","embeddable":true,"href":"https:\/\/www.onitani.com\/de\/wp-json\/wp\/v2\/product_tag?post=16478"}],"curies":[{"name":"wp","href":"https:\/\/api.w.org\/{rel}","templated":true}]}}