{"id":27026,"date":"2024-05-29T14:46:36","date_gmt":"2024-05-29T12:46:36","guid":{"rendered":"https:\/\/www.onitani.com\/de\/?post_type=product&#038;p=27026"},"modified":"2024-10-23T10:44:12","modified_gmt":"2024-10-23T08:44:12","slug":"dein-weg-in-die-zufriedenheit","status":"publish","type":"product","link":"https:\/\/www.onitani.com\/de\/produkt\/dein-weg-in-die-zufriedenheit\/","title":{"rendered":"Dein Weg in die Zufriedenheit"},"content":{"rendered":"<p>Was brauchen wir Menschen eigentlich, um zufrieden zu sein? Anders gefragt: Was hindert uns daran? Das Wichtigste f\u00fcr den K\u00f6rper ist sicher die Gesundheit. Doch f\u00fcr die Seele ist es wohl die Zugeh\u00f6rigkeit zu den Menschen unserer Wahl &#8211; genauer zu unseren urspr\u00fcnglichen Bezugspersonen, Mutter und Vater. Doch diese sind es leider oft, die uns das Gef\u00fchl geben, wir w\u00e4ren falsch. Eine noch so liebevolle Erziehung ist eben immer noch das, was es ist: Erziehung &#8211; und damit eine Wertekollision zwischen Pers\u00f6nlichkeiten, Generationen und ggf. Geschlechtern. Was dann bleibt sind: Unzufriedenheit, Selbstzweifel, Stressanf\u00e4lligkeit, Scham, Entt\u00e4uschung, Wut oder Traurigkeit. War das gewollt? Nein! Gibt es einen Weg daraus? Ja!<\/p>\n<p>Der Seelenmusiker Tino von Onitani und der Tiefenpsychologe <a href=\"https:\/\/andreaswinter.de\/\" target=\"_blank\" rel=\"noopener\">Andreas Winter<\/a> trafen sich am 26. Mai 2024 zu einer Session im Musikstudio von ONITANI und schufen dieses einzigartige und unverwechselbare Werk in einer spontanen live Aufnahme.<\/p>\n<p>Entstanden aus dem tiefen Bed\u00fcrfnis heraus, den H\u00f6rern Mut, Sicherheit und Hoffnung zu vermitteln f\u00fcr einen Weg in die Zufriedenheit, f\u00fchrt Sie dieses Werk in eine ber\u00fchrende Trance, die einen Schutz gegen Fremderwartungen und eine St\u00e4rkung des eigenen Selbst hervorzaubern kann.<\/p>\n<p>H\u00f6ren Sie dieses St\u00fcck von einer halben Stunde am besten in aller Ruhe und mit geschlossenen Augen an und \u00fcberlassen Sie Ihrem Gef\u00fchl die Entfaltung der wohltuenden Wirkung auf ihren Alltag.<\/p>\n<hr \/>\n<p><iframe loading=\"lazy\" title=\"Dein Weg in die Zufriedenheit - St\u00e4rkung des eigenen Selbst - Traumreise-Coaching &amp; Healing Music\" width=\"900\" height=\"506\" src=\"https:\/\/www.youtube.com\/embed\/Tnp3mFvPkyM?feature=oembed\" frameborder=\"0\" allow=\"accelerometer; autoplay; clipboard-write; encrypted-media; gyroscope; picture-in-picture; web-share\" referrerpolicy=\"strict-origin-when-cross-origin\" allowfullscreen><\/iframe><\/p>\n<p>&nbsp;<\/p>\n<hr \/>\n<p>&nbsp;<\/p>\n","protected":false},"excerpt":{"rendered":"<hr \/>\n[audio mp3=\"https:\/\/www.onitani.com\/de\/wp-content\/uploads\/2024\/05\/hp_dein_weg_in_die_zufriedenheit.mp3\"][\/audio]\n<hr \/>\n<p><span style=\"color: #ffffff;\"><strong>Gesamtdauer &#8211; 30 min<\/strong><\/span><br \/>\n<span style=\"color: #ffffff;\"><strong>NUR als Download<\/strong><\/span><\/p>\n<hr \/>\n<p>&nbsp;<\/p>\n","protected":false},"featured_media":27027,"comment_status":"open","ping_status":"closed","template":"","meta":[],"product_brand":[],"product_cat":[96],"product_tag":[],"class_list":{"0":"post-27026","1":"product","2":"type-product","3":"status-publish","4":"has-post-thumbnail","6":"product_cat-onitani-seelen-musik","8":"first","9":"instock","10":"downloadable","11":"virtual","12":"taxable","13":"purchasable","14":"product-type-simple"},"_links":{"self":[{"href":"https:\/\/www.onitani.com\/de\/wp-json\/wp\/v2\/product\/27026","targetHints":{"allow":["GET"]}}],"collection":[{"href":"https:\/\/www.onitani.com\/de\/wp-json\/wp\/v2\/product"}],"about":[{"href":"https:\/\/www.onitani.com\/de\/wp-json\/wp\/v2\/types\/product"}],"replies":[{"embeddable":true,"href":"https:\/\/www.onitani.com\/de\/wp-json\/wp\/v2\/comments?post=27026"}],"wp:featuredmedia":[{"embeddable":true,"href":"https:\/\/www.onitani.com\/de\/wp-json\/wp\/v2\/media\/27027"}],"wp:attachment":[{"href":"https:\/\/www.onitani.com\/de\/wp-json\/wp\/v2\/media?parent=27026"}],"wp:term":[{"taxonomy":"product_brand","embeddable":true,"href":"https:\/\/www.onitani.com\/de\/wp-json\/wp\/v2\/product_brand?post=27026"},{"taxonomy":"product_cat","embeddable":true,"href":"https:\/\/www.onitani.com\/de\/wp-json\/wp\/v2\/product_cat?post=27026"},{"taxonomy":"product_tag","embeddable":true,"href":"https:\/\/www.onitani.com\/de\/wp-json\/wp\/v2\/product_tag?post=27026"}],"curies":[{"name":"wp","href":"https:\/\/api.w.org\/{rel}","templated":true}]}}