{"id":28759,"date":"2025-06-07T11:06:04","date_gmt":"2025-06-07T09:06:04","guid":{"rendered":"https:\/\/www.onitani.com\/de\/?post_type=product&#038;p=28759"},"modified":"2025-08-07T17:55:31","modified_gmt":"2025-08-07T15:55:31","slug":"workshop-seelengesang-mit-bettina","status":"publish","type":"product","link":"https:\/\/www.onitani.com\/de\/produkt\/workshop-seelengesang-mit-bettina\/","title":{"rendered":"Workshop Seelengesang mit Bettina (ausgebucht)"},"content":{"rendered":"<hr \/>\n<p><span style=\"color: #ffffff;\"><strong>ERWECKE DEINEN SEELENGESANG<\/strong><\/span><\/p>\n<p><span style=\"color: #ffffff;\">Erlebe einen Tagesworkshop der dein Leben ver\u00e4ndern wird<\/span><br \/>\n<span style=\"color: #ffffff;\">Der Seelengesang \u00f6ffnet dir ein ganz neues Bewusstsein, wer du in Wirklichkeit bist und wie auch du, in das kosmische Feld eingebunden bist. Es ist mehr als Gesang. Es ist die R\u00fcckverbindung zu deinem Ursprung. An diesem Tag gehen wir in unser Seelenfeld, \u00f6ffnen unser Herz f\u00fcr diese magische Begegnung mit deinem ganzen Sein. Das sch\u00f6ne ist, jeder kann singen. Mit meiner langj\u00e4hrigen Erfahrung als Seelens\u00e4ngerin von ONITANI, f\u00fchre ich dich in das Erinnern deines ganz pers\u00f6nlichen Seelengesangs. Du hast M\u00f6glichkeit mit deinem Seelengesang, Transformation und Befreiung zu erleben. Es ist ein grosser Vertrauensschritt, den du an diesem Tag gehst. Lass dich auf diese Entscheidung ein, dies zu erleben. Bist du bereit f\u00fcr eine Ver\u00e4nderung in deinem Leben, f\u00fcr einen Neustart? Heilung geschieht auf allen Ebenen.<\/span><br \/>\n<span style=\"color: #ffffff;\">Gemeinsam werden wir in dieser Gruppe, in unser kosmisches Vertrauen eintauchen. Ich freue mich sehr auf dich.<\/span><\/p>\n<p><span style=\"color: #ffffff;\">Herzlich, deine Bettina<\/span><\/p>\n<hr \/>\n<p><img loading=\"lazy\" decoding=\"async\" class=\"alignnone wp-image-28764 size-large\" src=\"https:\/\/www.onitani.com\/de\/wp-content\/uploads\/2025\/06\/Erwecke-deinen-Seelengesang-Seite-2-1024x727.jpg\" alt=\"\" width=\"900\" height=\"639\" srcset=\"https:\/\/www.onitani.com\/de\/wp-content\/uploads\/2025\/06\/Erwecke-deinen-Seelengesang-Seite-2-1024x727.jpg 1024w, https:\/\/www.onitani.com\/de\/wp-content\/uploads\/2025\/06\/Erwecke-deinen-Seelengesang-Seite-2-300x213.jpg 300w, https:\/\/www.onitani.com\/de\/wp-content\/uploads\/2025\/06\/Erwecke-deinen-Seelengesang-Seite-2-768x546.jpg 768w, https:\/\/www.onitani.com\/de\/wp-content\/uploads\/2025\/06\/Erwecke-deinen-Seelengesang-Seite-2-400x284.jpg 400w, https:\/\/www.onitani.com\/de\/wp-content\/uploads\/2025\/06\/Erwecke-deinen-Seelengesang-Seite-2.jpg 1264w\" sizes=\"auto, (max-width: 900px) 100vw, 900px\" \/><\/p>\n","protected":false},"excerpt":{"rendered":"<p><strong><span style=\"color: #ffffff;\">Workshop mit Bettina<\/span><\/strong><\/p>\n<ul>\n<li><span style=\"color: #ffffff;\">Termin: 04.10.25<\/span><\/li>\n<li><span style=\"color: #ffffff;\">Zeit: 10 &#8211; 17 Uhr<\/span><\/li>\n<li><span style=\"color: #ffffff;\"><strong><a style=\"color: #ffffff;\" href=\"https:\/\/maps.app.goo.gl\/eKvmnERLaP2yrVs77\" target=\"_blank\" rel=\"noopener\">Ort: Studio ONITANI, Hauptstrasse 13, 4556 Burg\u00e4schi<\/a><\/strong><\/span><\/li>\n<li><span style=\"color: #ffffff;\">Kleine Gruppe, max. 8 Teilnehmer<\/span><\/li>\n<li><span style=\"color: #ffffff;\">Preis: CHF 250.00<\/span><\/li>\n<\/ul>\n<p><span style=\"color: #ffffff;\">Annullation: bis 1 Monat vor Beginn 50%, danach 100%<\/span><\/p>\n","protected":false},"featured_media":28756,"comment_status":"open","ping_status":"closed","template":"","meta":[],"product_brand":[],"product_cat":[98],"product_tag":[],"class_list":{"0":"post-28759","1":"product","2":"type-product","3":"status-publish","4":"has-post-thumbnail","6":"product_cat-onitani-seminare","8":"first","9":"instock","10":"virtual","11":"taxable","12":"product-type-simple"},"_links":{"self":[{"href":"https:\/\/www.onitani.com\/de\/wp-json\/wp\/v2\/product\/28759","targetHints":{"allow":["GET"]}}],"collection":[{"href":"https:\/\/www.onitani.com\/de\/wp-json\/wp\/v2\/product"}],"about":[{"href":"https:\/\/www.onitani.com\/de\/wp-json\/wp\/v2\/types\/product"}],"replies":[{"embeddable":true,"href":"https:\/\/www.onitani.com\/de\/wp-json\/wp\/v2\/comments?post=28759"}],"wp:featuredmedia":[{"embeddable":true,"href":"https:\/\/www.onitani.com\/de\/wp-json\/wp\/v2\/media\/28756"}],"wp:attachment":[{"href":"https:\/\/www.onitani.com\/de\/wp-json\/wp\/v2\/media?parent=28759"}],"wp:term":[{"taxonomy":"product_brand","embeddable":true,"href":"https:\/\/www.onitani.com\/de\/wp-json\/wp\/v2\/product_brand?post=28759"},{"taxonomy":"product_cat","embeddable":true,"href":"https:\/\/www.onitani.com\/de\/wp-json\/wp\/v2\/product_cat?post=28759"},{"taxonomy":"product_tag","embeddable":true,"href":"https:\/\/www.onitani.com\/de\/wp-json\/wp\/v2\/product_tag?post=28759"}],"curies":[{"name":"wp","href":"https:\/\/api.w.org\/{rel}","templated":true}]}}