{"id":28874,"date":"2025-07-30T11:55:42","date_gmt":"2025-07-30T09:55:42","guid":{"rendered":"https:\/\/www.onitani.com\/de\/?post_type=product&#038;p=28874"},"modified":"2026-02-09T12:07:30","modified_gmt":"2026-02-09T11:07:30","slug":"%f0%9f%9f%a1-die-kraft-der-leichtigkeit","status":"publish","type":"product","link":"https:\/\/www.onitani.com\/de\/produkt\/%f0%9f%9f%a1-die-kraft-der-leichtigkeit\/","title":{"rendered":"Die Kraft der Leichtigkeit"},"content":{"rendered":"<hr \/>\n<p><strong>Kontemplation in 4 S\u00e4tzen<\/strong><\/p>\n<p>Als ich das Bild von <strong><a href=\"http:\/\/www.seylech.ch\" target=\"_blank\" rel=\"noopener\">Seylech <\/a><\/strong>zum ersten Mal sah, sprang mir der Olymp entgegen. Kraftvoll und federleicht zugleich. Eine Kombination von Kr\u00e4ften die mich sehr inspirierten. Somit begann die Betrachtung, die Kontemplation dieses Bildes. Mehr und mehr begann das Bild zu klingen. Fasziniert von dieser Wirkung war der Entschluss sehr schnell da: ich werde dieses Bild vertonen. Daraus sind 4 S\u00e4tze entstanden.<\/p>\n<p><img loading=\"lazy\" decoding=\"async\" class=\"alignnone size-medium wp-image-28881\" src=\"https:\/\/www.onitani.com\/de\/wp-content\/uploads\/2025\/07\/b_goldfeder-300x250.jpg\" alt=\"\" width=\"300\" height=\"250\" srcset=\"https:\/\/www.onitani.com\/de\/wp-content\/uploads\/2025\/07\/b_goldfeder-300x250.jpg 300w, https:\/\/www.onitani.com\/de\/wp-content\/uploads\/2025\/07\/b_goldfeder-1024x854.jpg 1024w, https:\/\/www.onitani.com\/de\/wp-content\/uploads\/2025\/07\/b_goldfeder-768x641.jpg 768w, https:\/\/www.onitani.com\/de\/wp-content\/uploads\/2025\/07\/b_goldfeder-1536x1282.jpg 1536w, https:\/\/www.onitani.com\/de\/wp-content\/uploads\/2025\/07\/b_goldfeder-2048x1709.jpg 2048w, https:\/\/www.onitani.com\/de\/wp-content\/uploads\/2025\/07\/b_goldfeder-400x334.jpg 400w\" sizes=\"auto, (max-width: 300px) 100vw, 300px\" \/><\/p>\n<p><strong>01<\/strong> <strong>OUVERT\u00dcRE <\/strong><\/p>\n<p>Am Anfang ist meistens ein \u00d6ffner, ein Impuls, der einl\u00e4dt mehr zu erfahren. Aus zaghaften Klavierkl\u00e4ngen, die jeweils zuerst links und dann rechts ert\u00f6nen, lassen erahnen, welch zarte zwei S\u00e4ulen dieses Konstrukt halten werden. Mittig erklingt die Trompete mit Streichern, um den Weg zu ebnen. Das Klavier kommt infolge mit kr\u00e4ftigen Akkorden ins Feld und die Spannung baut sich auf. Eine sanfte rhythmische Hinf\u00fchrung erklingt mit der massgebenden Melodie der leichteren und einfacheren Art. Hinzu kommt fast unmerklich die Kirchenorgel ins Spiel. Die Harfe leitet die Melodie in das Holz der Klarinette. Mit den Klavierkl\u00e4ngen von links und rechts, nimmt dieses Lied ein sehr sanftes Ende.<\/p>\n<p><strong>\u00a0<\/strong><strong>02 DIE FEDER<img loading=\"lazy\" decoding=\"async\" class=\"alignright wp-image-28884 size-medium\" src=\"https:\/\/www.onitani.com\/de\/wp-content\/uploads\/2025\/07\/tino3-1-300x300.png\" alt=\"\" width=\"300\" height=\"300\" srcset=\"https:\/\/www.onitani.com\/de\/wp-content\/uploads\/2025\/07\/tino3-1-300x300.png 300w, https:\/\/www.onitani.com\/de\/wp-content\/uploads\/2025\/07\/tino3-1-150x150.png 150w, https:\/\/www.onitani.com\/de\/wp-content\/uploads\/2025\/07\/tino3-1-250x250.png 250w, https:\/\/www.onitani.com\/de\/wp-content\/uploads\/2025\/07\/tino3-1-400x400.png 400w, https:\/\/www.onitani.com\/de\/wp-content\/uploads\/2025\/07\/tino3-1-100x100.png 100w, https:\/\/www.onitani.com\/de\/wp-content\/uploads\/2025\/07\/tino3-1.png 500w\" sizes=\"auto, (max-width: 300px) 100vw, 300px\" \/><\/strong><\/p>\n<p>Engelsch\u00f6re er\u00f6ffnen die Leichtigkeit, damit die Feder in orientalische Rhythmen emporsteigen kann. Das Klavier tr\u00e4gt diese Leichtigkeit weiter. Anschliessend setzt die Duduk mit einer kleinen Melodie ein, die sich in verschiedenen Varianten wiederholt. Ganz dezent kommt Begleitung dazu mit gesangs\u00e4hnlicher Melodief\u00fchrung. Diese kleine Melodie geht weiter und tr\u00e4gt die Feder in ungeahnte H\u00f6hen und stellt die Leichtigkeit dar. Der Satz geht in die letzte Dimension ein und bringt eine F\u00fclle an Kl\u00e4ngen aus dem Bild und aus der Feder. Zum Schluss ert\u00f6nt nochmals die Duduk mit abschliessendem Satz.<\/p>\n<p><strong>03 DER OLYMP<\/strong><\/p>\n<p>Die Fanfaren ert\u00f6nen kr\u00e4ftig. Diese habe ich als erstes geh\u00f6rt, als ich das Bild angeschaut habe. Ein Einzug, eine Einladung, eine Aufforderung f\u00fcr die Tragweite dieses majest\u00e4tischen OPUS. Hier soll die ganze Kraft verstr\u00f6men und den Zenit des Monuments darstellen. Ich stehe bei diesen Kl\u00e4ngen in einer Arena und f\u00fchle diese Urkraft. Der Ausklang mit Klavier in sch\u00f6ner Begleitung und ein letztes Aufb\u00e4umen der Trommeln m\u00fcnden in die Sanftheit dieser Farbe, des Goldes, das jetzt folgt. Noch ein paar Streicher und den Schluss machen die Fanfaren.<\/p>\n<p><strong>04 GOLD <\/strong><\/p>\n<p>Aus der Farbe Gold, die dieses Werk dominiert entsteht eine getragene Klavier-einleitung, die sich mit Streichern verst\u00e4rkt. \u00a0Der Oktavenwechsel steht f\u00fcr eine weitere Dimension und l\u00e4sst alles offen f\u00fcr die Reise, die nach einem vermeintlichen Ende nochmals Schwung aufnimmt mit der klaren Botschaft, wie Gold zu wirken hat. In Anbetracht dieser grossen Pr\u00e4senz einer einzelnen Farbe in den verschiedenen Nuancen, erklingt eine interessante und beschwingte Hauptmelodie. Durch die Sanftheit und Kraft ableiten l\u00e4sst. Gegen Schluss kommt das Klavier mit einer klaren Ansage und l\u00e4sst das Orchester am Ende alle Register ziehen. Ganz am Schluss noch ein paar Harfenkl\u00e4nge.<\/p>\n<p>Zusammenfassend l\u00e4sst sich sagen, dass Kontemplation immer einen Aspekt der <strong>Stille, des Innehaltens und der tiefen, aufmerksamen Wahrnehmung<\/strong> beinhaltet, oft mit dem Ziel, zu einer inneren Ruhe, Klarheit oder Erkenntnis zu gelangen.<\/p>\n<p>In Liebe Tino &#8211; Danke Seylech<\/p>\n<hr \/>\n<p>Wunderbare Musik, die meine Seele ber\u00fchrt.Eine musikalische Reise voller Leichtigkeit, Kraft und Goldfunken.Diese Musik ist eine Hommage an das Licht, den Ursprung unseres Seins. Ein grossartiges Werk von Tino Mosca. Danke.<br \/>\nSeylech<\/p>\n<p><strong><a href=\"https:\/\/www.seylech.ch\/de\/\" target=\"_blank\" rel=\"noopener\">Homepage: Seylech<\/a><\/strong><\/p>\n<hr \/>\n<p>&nbsp;<\/p>\n","protected":false},"excerpt":{"rendered":"<hr \/>\n<p><span style=\"color: #ffffff;\">Als CD oder mp3 erh\u00e4ltlich<\/span><br \/>\n<span style=\"color: #ffffff;\">CD Auslieferung nur in der Schweiz<\/span><br \/>\n<span style=\"color: #ffffff;\">Dauer &#8211; 20 min<\/span><\/p>\n<hr \/>\n<p>&nbsp;<\/p>\n<p><span style=\"color: #ffffff;\">01 Ouvert\u00fcre &#8211; 5:10 min<\/span><\/p>\n[audio mp3=\"https:\/\/www.onitani.com\/de\/wp-content\/uploads\/2025\/07\/01_hp_ouvertuere.mp3\"][\/audio]\n<p><span style=\"color: #ffffff;\">02 Die Feder &#8211; 5:59 min<\/span><\/p>\n[audio mp3=\"https:\/\/www.onitani.com\/de\/wp-content\/uploads\/2025\/07\/02_hp_die_feder.mp3\"][\/audio]\n<p><span style=\"color: #ffffff;\">03 Der Olymp &#8211; 4:25 min<\/span><\/p>\n[audio mp3=\"https:\/\/www.onitani.com\/de\/wp-content\/uploads\/2025\/07\/03_hp_der_olymp.mp3\"][\/audio]\n<p><span style=\"color: #ffffff;\">04 Gold &#8211; 5:15 min<\/span><\/p>\n[audio mp3=\"https:\/\/www.onitani.com\/de\/wp-content\/uploads\/2025\/07\/04_hp_gold.mp3\"][\/audio]\n<hr \/>\n<p>&nbsp;<\/p>\n","protected":false},"featured_media":28875,"comment_status":"open","ping_status":"closed","template":"","meta":[],"product_brand":[],"product_cat":[96,111],"product_tag":[],"class_list":{"0":"post-28874","1":"product","2":"type-product","3":"status-publish","4":"has-post-thumbnail","6":"product_cat-onitani-seelen-musik","7":"product_cat-tino-von-onitani","9":"first","10":"instock","11":"taxable","12":"shipping-taxable","13":"purchasable","14":"product-type-variable"},"_links":{"self":[{"href":"https:\/\/www.onitani.com\/de\/wp-json\/wp\/v2\/product\/28874","targetHints":{"allow":["GET"]}}],"collection":[{"href":"https:\/\/www.onitani.com\/de\/wp-json\/wp\/v2\/product"}],"about":[{"href":"https:\/\/www.onitani.com\/de\/wp-json\/wp\/v2\/types\/product"}],"replies":[{"embeddable":true,"href":"https:\/\/www.onitani.com\/de\/wp-json\/wp\/v2\/comments?post=28874"}],"wp:featuredmedia":[{"embeddable":true,"href":"https:\/\/www.onitani.com\/de\/wp-json\/wp\/v2\/media\/28875"}],"wp:attachment":[{"href":"https:\/\/www.onitani.com\/de\/wp-json\/wp\/v2\/media?parent=28874"}],"wp:term":[{"taxonomy":"product_brand","embeddable":true,"href":"https:\/\/www.onitani.com\/de\/wp-json\/wp\/v2\/product_brand?post=28874"},{"taxonomy":"product_cat","embeddable":true,"href":"https:\/\/www.onitani.com\/de\/wp-json\/wp\/v2\/product_cat?post=28874"},{"taxonomy":"product_tag","embeddable":true,"href":"https:\/\/www.onitani.com\/de\/wp-json\/wp\/v2\/product_tag?post=28874"}],"curies":[{"name":"wp","href":"https:\/\/api.w.org\/{rel}","templated":true}]}}