{"id":28993,"date":"2025-10-02T16:08:13","date_gmt":"2025-10-02T14:08:13","guid":{"rendered":"https:\/\/www.onitani.com\/de\/?post_type=product&#038;p=28993"},"modified":"2026-03-06T09:19:45","modified_gmt":"2026-03-06T08:19:45","slug":"von-leere-vertrauen","status":"publish","type":"product","link":"https:\/\/www.onitani.com\/de\/produkt\/von-leere-vertrauen\/","title":{"rendered":"Von Leere &#038; Vertrauen"},"content":{"rendered":"<hr \/>\n<p><strong>Transformation in 4 S\u00e4tzen<\/strong><\/p>\n<p><strong>Leere<\/strong> und <b>Vertrauen<\/b> sind tiefer miteinander verwoben, als es auf den ersten Blick scheint.\u00a0Die <b>Leere<\/b> ist nicht als ein Nichts zu verstehen, sondern als die <b>Abwesenheit<\/b> einer festen, unver\u00e4nderlichen Essenz in allen Dingen. Sie besagt, dass nichts aus sich selbst heraus existiert, sondern alles von unz\u00e4hligen Ursachen und Bedingungen abh\u00e4ngt. Das bedeutet, unsere \u00c4ngste, festen Meinungen und sogar unser Selbstbild sind nicht <i>wirklich<\/i> solide, sondern flie\u00dfende, ver\u00e4nderliche Konstrukte.\u00a0Dieses Verst\u00e4ndnis der Leere ist der eigentliche Grundstein f\u00fcr tiefes, inneres <b>Vertrauen<\/b>. Denn wenn alles verg\u00e4nglich und bedingt ist, braucht man sich nicht an starren Vorstellungen festzuhalten.<img loading=\"lazy\" decoding=\"async\" class=\"alignright wp-image-28884 size-medium\" src=\"https:\/\/www.onitani.com\/de\/wp-content\/uploads\/2025\/07\/tino3-1-300x300.png\" alt=\"\" width=\"300\" height=\"300\" srcset=\"https:\/\/www.onitani.com\/de\/wp-content\/uploads\/2025\/07\/tino3-1-300x300.png 300w, https:\/\/www.onitani.com\/de\/wp-content\/uploads\/2025\/07\/tino3-1-150x150.png 150w, https:\/\/www.onitani.com\/de\/wp-content\/uploads\/2025\/07\/tino3-1-250x250.png 250w, https:\/\/www.onitani.com\/de\/wp-content\/uploads\/2025\/07\/tino3-1-400x400.png 400w, https:\/\/www.onitani.com\/de\/wp-content\/uploads\/2025\/07\/tino3-1-100x100.png 100w, https:\/\/www.onitani.com\/de\/wp-content\/uploads\/2025\/07\/tino3-1.png 500w\" sizes=\"auto, (max-width: 300px) 100vw, 300px\" \/><\/p>\n<p><b>Vertrauen in die Ver\u00e4nderung:<\/b> Die Akzeptanz der Leere schenkt das Vertrauen, dass schwierige Zust\u00e4nde nicht ewig w\u00e4hren werden und Ver\u00e4nderung die einzige Konstante ist. <b>Vertrauen in die Offenheit:<\/b> Die Leere schafft <b>Raum<\/b>. Sie ist die Pause, in der sich etwas Neues entwickeln kann. Wahres Vertrauen entsteht, wenn man diesen inneren und \u00e4u\u00dferen Raum annimmt, ohne ihn sofort mit Pl\u00e4nen oder Sorgen f\u00fcllen zu m\u00fcssen. Es ist die Gewissheit, dass man die <b>Offenheit<\/b> des Moments aushalten kann.<\/p>\n<p><b>Fazit:<\/b> Die Leere ist die Voraussetzung f\u00fcr flexibles, angstfreies Vertrauen \u2013 das Loslassen fester Erwartungen, um sich dem st\u00e4ndigen Fluss des Lebens wirklich hingeben zu k\u00f6nnen.<\/p>\n<hr \/>\n<p><strong>01 Die Versammlung (a-Moll 3:40)<\/strong><\/p>\n<p>Ein sanfter Fl\u00f6tenruf markiert den Beginn, ein Signal an all jene, die gerufen sind, sich zu sammeln. Aus vielen Richtungen str\u00f6men Energien herbei, die wir mit dem Herzen sp\u00fcren, auch wenn unser Verstand sie noch nicht erfassen kann. Der klare Klang eines Klaviers erklingt, um uns pers\u00f6nlich und von Herzen einzuladen, die heilsamsten Bedingungen f\u00fcr das vor uns liegende Geschehen zu erschaffen.<\/p>\n<p>Dieser liebevolle Ruf ber\u00fchrt eine grosse Anzahl von Menschen, die sich in die nat\u00fcrlichen und kosmischen Energien der Elemente einreihen. Gemeinsam weben sie ein Feld des Heilens, erf\u00fcllt von den leichten Kl\u00e4ngen einer irischen Fl\u00f6te und den freudvollen Bewegungen des Tanzes. Die Melodie ist zart und vertraut, ein spielerisches Echo der Hoffnung.<\/p>\n<p>Hand in Hand mit all den \u00c4rzten und Helfern betreten wir einen Raum der Transformation, wo uns eine \u00fcberw\u00e4ltigende F\u00fclle an lichtvollen Wesen empf\u00e4ngt, um uns auf unserem Weg zu begleiten.<\/p>\n<hr \/>\n<p><strong>02 Die Operation (d-Moll 24 min = 4 Std.) gewidmet Levin H\u00e4ni<\/strong><\/p>\n<p>Nach dem Empfang der so zahlreich pr\u00e4senten Wesen, werde ich in den OP geschoben und die Werkzeuge werden bereitgestellt. Minuzi\u00f6s alles noch mal angeschaut und die Operation kann beginnen. Einer Terz folgt eine Quinte, die das Ganze in g\u00f6ttlicher Ordnung und heiliger Geometrie bringt. Diese Tonabfolge beinhaltet die ganze Arbeit von Levin. Er ist bereit f\u00fcr diese grosse Handlung und seine Kunst widerspiegelt sich ruhig im ganzen St\u00fcck. Die Abwechslung besteht darin einen genauen Plan zu verfolgen in der Verantwortung seines Berufes. Ich geniesse seine Arbeit und koste alle G\u00e4nge seiner Art aus. Levin ist in Hochform, getragen von der unermesslichen Schar an Helfern. Die Sichtbaren und die Unsichtbaren. Wenn ich diese Musik h\u00f6re, so kann ich geistig nachvollziehen, was im Moment der Operation nicht m\u00f6glich war. Die L\u00e4nge des Liedes ist genau der 10. Teil dieser Operation. Mit der Zeit kommen verschiedene Kl\u00e4nge dazu, auch der Engelschor darf nicht fehlen. Schlagzeug kommt allm\u00e4hlich ins Feld und soll die unglaubliche Arbeit dieses Teams, unter Anf\u00fchrung von Levin verfestigen. Die Kunst ein solches Werk zu vollbringen ist nur mit \u00e4usserster Konzentration und Hilfe machbar. Darum geht das ganze Lied in eine zweite Runde, um ganz sicher zu gehen, dass alles geklappt hat. Eine Ausd\u00fcnnung der Aktion ist am Schluss gut h\u00f6rbar und das Klavier setzt nochmals zu der Ehrung dieser speziellen Intervalle an. Danke Levin.<\/p>\n<hr \/>\n<p><strong>03 Die Leere und das Vertrauen (F-Dur 5:10)<\/strong><\/p>\n<p>Sanfte Klavierkl\u00e4nge beginnen etwas z\u00f6gerlich und entwickeln sich zu einer selbst\u00e4ndigen Liedf\u00fchrung, fast zu einem abschliessenden Lied. Die Leere hat Platz zu entstehen und wird im \u00dcbergang vertrauensvoll in eine neue Dimension gef\u00fchrt. Immer wieder kommt vertrauensvoll die Energie des wahren Seins in Spiel. Das Tempo versch\u00e4rft sich und teilt sich in unkonventionellen Tonarten. Anschliessend beginnt der freie Flug ins ungewisse begleitet von sph\u00e4rischen Stimmen. So kurz auch diese kleine Reise ist umso kraftvoller die Leere mit Vertrauen aufzuf\u00fcllen. Dieses Thema steht \u00fcbergreifend f\u00fcr dieses Album, darum: von Leere und Vertrauen.<\/p>\n<hr \/>\n<p><strong>04 Der Dank (G-Dur 3:30)<\/strong><\/p>\n<p>So einfach wie dieses Lied sollte es auch m\u00f6glich sein dankbar zu sein. Ich lasse meine ganzen Gef\u00fchle in dieser Einfachheit erklingen. Danke an alle die mich unterst\u00fctzt haben. Die Steigerung mit den verschiedenen Instrumenten lassen tanzen, jubilieren und einfach dankbar sein.<\/p>\n<p>Alle Liebe, euer Tino 01.10.25<\/p>\n<hr \/>\n<p>&nbsp;<\/p>\n","protected":false},"excerpt":{"rendered":"<p>01 Die Versammlung (a-Moll 3:40)<\/p>\n[audio mp3=\"https:\/\/www.onitani.com\/de\/wp-content\/uploads\/2025\/10\/01_hp_die_versammlung.mp3\"][\/audio]\n<p>02 Die Operation (d-Moll 24:00)<\/p>\n[audio mp3=\"https:\/\/www.onitani.com\/de\/wp-content\/uploads\/2025\/10\/02_hp_die_operation.mp3\"][\/audio]\n<p>03 Die Leere und das Vertrauen (F-Dur 5:10)<\/p>\n[audio mp3=\"https:\/\/www.onitani.com\/de\/wp-content\/uploads\/2025\/10\/03_hp_die_leere_und_das_vertrauen.mp3\"][\/audio]\n<p>04 Der Dank (G-Dur 3:30)<\/p>\n[audio mp3=\"https:\/\/www.onitani.com\/de\/wp-content\/uploads\/2025\/10\/04_hp_der_dank.mp3\"][\/audio]\n","protected":false},"featured_media":28994,"comment_status":"open","ping_status":"closed","template":"","meta":[],"product_brand":[],"product_cat":[96,111],"product_tag":[],"class_list":{"0":"post-28993","1":"product","2":"type-product","3":"status-publish","4":"has-post-thumbnail","6":"product_cat-onitani-seelen-musik","7":"product_cat-tino-von-onitani","9":"first","10":"instock","11":"downloadable","12":"virtual","13":"taxable","14":"purchasable","15":"product-type-simple"},"_links":{"self":[{"href":"https:\/\/www.onitani.com\/de\/wp-json\/wp\/v2\/product\/28993","targetHints":{"allow":["GET"]}}],"collection":[{"href":"https:\/\/www.onitani.com\/de\/wp-json\/wp\/v2\/product"}],"about":[{"href":"https:\/\/www.onitani.com\/de\/wp-json\/wp\/v2\/types\/product"}],"replies":[{"embeddable":true,"href":"https:\/\/www.onitani.com\/de\/wp-json\/wp\/v2\/comments?post=28993"}],"wp:featuredmedia":[{"embeddable":true,"href":"https:\/\/www.onitani.com\/de\/wp-json\/wp\/v2\/media\/28994"}],"wp:attachment":[{"href":"https:\/\/www.onitani.com\/de\/wp-json\/wp\/v2\/media?parent=28993"}],"wp:term":[{"taxonomy":"product_brand","embeddable":true,"href":"https:\/\/www.onitani.com\/de\/wp-json\/wp\/v2\/product_brand?post=28993"},{"taxonomy":"product_cat","embeddable":true,"href":"https:\/\/www.onitani.com\/de\/wp-json\/wp\/v2\/product_cat?post=28993"},{"taxonomy":"product_tag","embeddable":true,"href":"https:\/\/www.onitani.com\/de\/wp-json\/wp\/v2\/product_tag?post=28993"}],"curies":[{"name":"wp","href":"https:\/\/api.w.org\/{rel}","templated":true}]}}