{"id":29255,"date":"2025-11-25T16:38:20","date_gmt":"2025-11-25T15:38:20","guid":{"rendered":"https:\/\/www.onitani.com\/de\/?post_type=product&#038;p=29255"},"modified":"2025-12-14T10:36:08","modified_gmt":"2025-12-14T09:36:08","slug":"juglans-regia-der-baum","status":"publish","type":"product","link":"https:\/\/www.onitani.com\/de\/produkt\/juglans-regia-der-baum\/","title":{"rendered":"Juglans regia &#8211; der Baum"},"content":{"rendered":"<hr \/>\n<h3><span style=\"color: #ffffff;\">Eine Ann\u00e4herung zu den B\u00e4umen<\/span><\/h3>\n<p><span style=\"color: #ffffff;\">Instrumentalmusik: Tino von Onitani<\/span><\/p>\n<hr \/>\n<p data-path-to-node=\"12\"><span style=\"color: #ffffff;\">Die ersten Sitzungen mit dir, lieber Walnussbaum, waren eindr\u00fccklich. Niemals h\u00e4tte ich gedacht, so klare Antworten auf meine Fragen zu erhalten. Unsere Auseinandersetzungen waren zum Teil recht ern\u00fcchternd, ja teilweise grenzwertig. Doch langsam habe ich dich verstanden und konnte Einiges in meinem Leben kl\u00e4ren. Dies inspirierte mich dazu, dich mit meiner Musik zu ehren, und so ist ein interessantes Werk entstanden.<\/span><\/p>\n<p data-path-to-node=\"13\"><span style=\"color: #ffffff;\">Die Streicher geben den Auftakt, gefolgt vom Chor, der diese feine Melodie formt. Unter der Begleitung des Orchesters wird die Duduk aufgefordert, Stellung zu nehmen. Untermalt von einem Klavierarpeggio fliessen die ersten Eindr\u00fccke ineinander, verfeinert durch die Kirchenorgel. Das erste Finale folgt im Tutti und nimmt eine unerwartete Wende: Klassische Synthesizerkl\u00e4nge mischen sich darunter und erinnern mich an meine jungen Jahre \u2013 voller Vorfreude auf das fantastische Leben, das mir bevorstand. Dieses Schweben k\u00f6nnte ewig so weitergehen; bitte lass nicht nach, lass mich noch ein wenig schweben.<\/span><\/p>\n<p data-path-to-node=\"14\"><span style=\"color: #ffffff;\">Der Klangteppich tr\u00e4gt mich in deine Wahrheit, lieber Baum. Du sagst mir: \u201eWir sind alle miteinander verbunden.\u201c \u201eJa, das weiss ich\u201c, antworte ich. \u201eUnd warum lebst du das nicht? Immerhin bist du jetzt 66 Jahre alt und sagst, du weisst es, aber lebst es nicht.\u201c<\/span><\/p>\n<p data-path-to-node=\"15\"><span style=\"color: #ffffff;\">Das meinte ich mit den ern\u00fcchternden und grenzwertigen R\u00fcckmeldungen des Baumes. Ja, klar. Wer weiss das nicht? Doch bei mir hat sich eines ver\u00e4ndert: Die Erkenntnis, dass Wissen noch lange nicht heisst, dass man es auch lebt.<\/span><\/p>\n<p data-path-to-node=\"16\"><span style=\"color: #ffffff;\">Zur\u00fcck zur Musik, die immer noch schwebt \u2013 ich k\u00f6nnte ewig mitsurfen, mitschwingen, mitschwimmen. Langsam geht es in eine chor\u00e4hnliche Passage \u00fcber; ich kann mir gut vorstellen, diesen Part mit einem grossen Chor vorzutragen. \u00dcber der eigenst\u00e4ndigen Melodie, die keine starre Struktur aufweist, erscheint aus dem Nichts erneut die Duduk. Die Begleitung setzt zaghaft ein und schwillt schliesslich m\u00e4chtig an \u2013 wie der grosse Baum. Ja, lieber Baum, du bist so m\u00e4chtig, und ich verneige mich vor dir. Danke f\u00fcr deine Weisheit und danke f\u00fcr dein ewiges Dasein.<\/span><\/p>\n<p data-path-to-node=\"17\"><span style=\"color: #ffffff;\">\u201eWenn der Mensch schon lange ausgestorben ist, sind wir B\u00e4ume immer noch da. Wir waren vor euch da und werden da sein, wenn ihr geht. Versuche, mehr wie ein Baum zu sein: Kraftvoll, souver\u00e4n, unersch\u00fctterlich und im Bewusstsein, dass meine Existenz niemals endet.\u201c<\/span><\/p>\n<p>&nbsp;<\/p>\n<hr \/>\n<p><span style=\"color: #ffffff;\">Die <strong>Echte Walnuss<\/strong> (<em>Juglans regia<\/em>) ist ein imposanter, sommergr\u00fcner Laubbaum, der Wuchsh\u00f6hen von bis zu 30 Metern erreicht. Urspr\u00fcnglich aus dem asiatischen Raum stammend, ist sie heute in ganz Mitteleuropa heimisch. Sie wird doppelt gesch\u00e4tzt: Zum einen f\u00fcr ihre n\u00e4hrstoffreichen N\u00fcsse mit hohem Omega-3-Gehalt, zum anderen f\u00fcr ihr dunkles, edles Holz, das in der M\u00f6belindustrie begehrt ist. Als Solit\u00e4rbaum ben\u00f6tigt sie viel Licht und Platz, um ihre breite Krone voll zu entfalten.<\/span><\/p>\n<p><span style=\"color: #ffffff;\">Die <strong>Echte Walnuss<\/strong> gilt spirituell als Baum der <strong>Klarheit<\/strong> und des <strong>Neubeginns<\/strong>. Schon ihr lateinischer Name (\u201eJupiternuss\u201c) verweist auf eine Verbindung zum G\u00f6ttlichen und zur Weisheit. In der Symbolik steht sie daf\u00fcr, alte Strukturen aufzubrechen und Schutz in \u00dcbergangsphasen (wie Berufswechsel oder neue Lebensabschnitte) zu bieten. Sie gilt als Helferin bei schweren Entscheidungen, die den eigenen Weg gegen \u00e4u\u00dfere Widerst\u00e4nde festigen soll \u2013 ein &#8222;Lichtbringer&#8220; f\u00fcr den Geist.<\/span><\/p>\n<hr \/>\n<p>&nbsp;<\/p>\n","protected":false},"excerpt":{"rendered":"<hr \/>\n<p><span style=\"color: #ffffff;\">H\u00f6rprobe &#8211; Gesamtl\u00e4nge 18 min<\/span><\/p>\n[audio mp3=\"https:\/\/www.onitani.com\/de\/wp-content\/uploads\/2025\/11\/hp_derbaum.mp3\"][\/audio]\n<p><span style=\"color: #ffffff;\">nur als mp3 Download<\/span><\/p>\n<hr \/>\n<p>&nbsp;<\/p>\n<p>&nbsp;<\/p>\n","protected":false},"featured_media":29256,"comment_status":"open","ping_status":"closed","template":"","meta":[],"product_brand":[],"product_cat":[96,111],"product_tag":[],"class_list":{"0":"post-29255","1":"product","2":"type-product","3":"status-publish","4":"has-post-thumbnail","6":"product_cat-onitani-seelen-musik","7":"product_cat-tino-von-onitani","9":"first","10":"instock","11":"downloadable","12":"virtual","13":"taxable","14":"purchasable","15":"product-type-simple"},"_links":{"self":[{"href":"https:\/\/www.onitani.com\/de\/wp-json\/wp\/v2\/product\/29255","targetHints":{"allow":["GET"]}}],"collection":[{"href":"https:\/\/www.onitani.com\/de\/wp-json\/wp\/v2\/product"}],"about":[{"href":"https:\/\/www.onitani.com\/de\/wp-json\/wp\/v2\/types\/product"}],"replies":[{"embeddable":true,"href":"https:\/\/www.onitani.com\/de\/wp-json\/wp\/v2\/comments?post=29255"}],"wp:featuredmedia":[{"embeddable":true,"href":"https:\/\/www.onitani.com\/de\/wp-json\/wp\/v2\/media\/29256"}],"wp:attachment":[{"href":"https:\/\/www.onitani.com\/de\/wp-json\/wp\/v2\/media?parent=29255"}],"wp:term":[{"taxonomy":"product_brand","embeddable":true,"href":"https:\/\/www.onitani.com\/de\/wp-json\/wp\/v2\/product_brand?post=29255"},{"taxonomy":"product_cat","embeddable":true,"href":"https:\/\/www.onitani.com\/de\/wp-json\/wp\/v2\/product_cat?post=29255"},{"taxonomy":"product_tag","embeddable":true,"href":"https:\/\/www.onitani.com\/de\/wp-json\/wp\/v2\/product_tag?post=29255"}],"curies":[{"name":"wp","href":"https:\/\/api.w.org\/{rel}","templated":true}]}}